{"id":1589,"date":"2023-11-24T10:20:15","date_gmt":"2023-11-24T10:20:15","guid":{"rendered":"https:\/\/conf.vanj.jp\/2023\/?page_id=1589"},"modified":"2023-11-30T07:36:50","modified_gmt":"2023-11-30T07:36:50","slug":"e-connect-vietnam","status":"publish","type":"page","link":"https:\/\/conf.vanj.jp\/2023\/sponsors\/e-connect-vietnam\/","title":{"rendered":"E-connect Vietnam"},"content":{"rendered":"\n<div style=\"height:50px\" aria-hidden=\"true\" class=\"wp-block-spacer\"><\/div>\n\n\n<div class=\"wp-block-image\">\n<figure class=\"aligncenter size-full is-resized\"><img loading=\"lazy\" decoding=\"async\" width=\"842\" height=\"298\" src=\"https:\/\/conf.vanj.jp\/2023\/wp-content\/uploads\/2023\/11\/logo-Viet-Nam-01.png\" alt=\"\" class=\"wp-image-1571\" style=\"height:125px\" srcset=\"https:\/\/conf.vanj.jp\/2023\/wp-content\/uploads\/2023\/11\/logo-Viet-Nam-01.png 842w, https:\/\/conf.vanj.jp\/2023\/wp-content\/uploads\/2023\/11\/logo-Viet-Nam-01-300x106.png 300w, https:\/\/conf.vanj.jp\/2023\/wp-content\/uploads\/2023\/11\/logo-Viet-Nam-01-768x272.png 768w\" sizes=\"(max-width: 842px) 100vw, 842px\" \/><\/figure><\/div>\n\n\n<div style=\"height:75px\" aria-hidden=\"true\" class=\"wp-block-spacer\"><\/div>\n\n\n\n<p class=\"has-vivid-green-cyan-color has-text-color has-medium-font-size\"><strong>Gi\u1edbi thi\u1ec7u nh\u00e0 t\u00e0i tr\u1ee3<\/strong> <strong>(English below)<\/strong><\/p>\n\n\n\n<p>E-connect Vi\u1ec7t Nam \u0111\u01b0\u1ee3c th\u00e0nh l\u1eadp ng\u00e0y 18\/6\/2013 t\u1ea1i H\u00e0 N\u1ed9i v\u1edbi l\u1ef1c l\u01b0\u1ee3ng ch\u00ednh l\u00e0 nh\u1eefng ng\u01b0\u1eddi tr\u1ebb, t\u00e2m huy\u1ebft t\u1eeb H\u1ecdc vi\u1ec7n Ngo\u1ea1i giao. Sau 4 n\u0103m \u0111\u1ecbnh h\u00ecnh v\u00e0 ph\u00e1t tri\u1ec3n, E-connect Vi\u1ec7t Nam \u0111\u00e3 tri\u1ec3n khai ch\u01b0\u01a1ng tr\u00ecnh \u0111\u00e0o t\u1ea1o ngo\u1ea1i ng\u1eef do 100% gi\u00e1o vi\u00ean b\u1ea3n ng\u1eef gi\u1ea3ng d\u1ea1y cho h\u1ecdc sinh t\u1ea1i 5 t\u1ec9nh, th\u00e0nh ph\u1ed1 l\u1edbn t\u1ea1i Mi\u1ec1n B\u1eafc g\u1ed3m H\u00e0 N\u1ed9i, Nam \u0110\u1ecbnh, H\u1ea3i D\u01b0\u01a1ng, H\u1ea3i Ph\u00f2ng v\u00e0 Qu\u1ea3ng Ninh.\u00a0<\/p>\n\n\n\n<p>Gi\u00e1 tr\u1ecb c\u1ed1t l\u00f5i c\u1ee7a E-connect Vi\u1ec7t Nam (ECVN) l\u00e0 mu\u1ed1n ph\u00e1t tri\u1ec3n nhanh v\u00e0 b\u1ec1n v\u1eefng th\u00ec ch\u1ec9 c\u00f3 1 con \u0111\u01b0\u1eddng duy nh\u1ea5t &#8211; l\u00e0 l\u00e0m gi\u00e1o d\u1ee5c \u201ct\u1eadn t\u00e2m, ch\u1ea5t l\u01b0\u1ee3ng t\u1ed1t v\u00e0 ch\u1ea5t l\u01b0\u1ee3ng kh\u00f4ng ng\u1eebng \u0111\u01b0\u1ee3c n\u00e2ng cao\u201d.&nbsp;<\/p>\n\n\n\n<p>Tr\u1ea3i qua 8 n\u0103m x\u00e2y d\u1ef1ng v\u00e0 ph\u00e1t tri\u1ec3n, \u0111\u1ebfn nay, ECVN \u0111\u00e3 d\u1ea7n kh\u1eb3ng \u0111\u1ecbnh \u0111\u01b0\u1ee3c b\u1ea3n s\u1eafc ri\u00eang c\u1ee7a m\u00ecnh. Th\u1ea5u hi\u1ec3u r\u1eb1ng m\u1ed9t trung t\u00e2m ngo\u1ea1i ng\u1eef t\u1ed1t kh\u00f4ng ch\u1ec9 \u1edf c\u01a1 s\u1edf v\u1eadt ch\u1ea5t hi\u1ec7n \u0111\u1ea1i, m\u00e0 trung t\u00e2m \u0111\u00f3 c\u00f2n ph\u1ea3i c\u00f3 nh\u1eefng ng\u01b0\u1eddi th\u1ea7y hi\u1ec3u v\u1ec1 h\u1ecdc sinh c\u1ee7a m\u00ecnh (t\u1eeb t\u00ednh c\u00e1ch, n\u0103ng l\u1ef1c ti\u1ebfp thu b\u00e0i gi\u1ea3ng,..). \u0110\u00f3 \u0111\u01b0\u1ee3c g\u1ecdi l\u00e0 s\u1ef1 t\u1eadn t\u00e2m c\u1ee7a ng\u01b0\u1eddi l\u00e0m Th\u1ea7y, c\u1ee7a ng\u01b0\u1eddi l\u00e0m c\u00f4ng t\u00e1c qu\u1ea3n l\u00fd gi\u00e1o d\u1ee5c.&nbsp;<\/p>\n\n\n\n<p>ECVN \u0111\u1ecbnh h\u01b0\u1edbng h\u1ee3p t\u00e1c v\u1edbi nh\u00e0 tr\u01b0\u1eddng \u0111\u1ec3 \u0111\u01b0a ch\u01b0\u01a1ng tr\u00ecnh ti\u1ebfng Anh c\u00f3 y\u1ebfu t\u1ed1 n\u01b0\u1edbc ngo\u00e0i v\u00e0o gi\u1ea3ng d\u1ea1y trong th\u1eddi kh\u00f3a bi\u1ec3u ch\u00ednh kh\u00f3a. Ngo\u00e0i ra, ECVN kh\u00f4ng ch\u1ec9 ch\u00fa tr\u1ecdng vi\u1ec7c d\u1ea1y ti\u1ebfng Anh m\u00e0 c\u00f2n ch\u00fa tr\u1ecdng vi\u1ec7c chia s\u1ebb v\u0103n h\u00f3a, \u0111\u00e0o t\u1ea1o th\u00eam v\u1ec1 c\u00e1c k\u1ef9 n\u0103ng nh\u01b0 K\u1ef9 n\u0103ng giao ti\u1ebfp (Communication), T\u01b0 duy ph\u1ea3n bi\u1ec7n (Critical Thinking), T\u00ednh s\u00e1ng t\u1ea1o (Creativity) v\u00e0 K\u1ef9 n\u0103ng h\u1ee3p t\u00e1c (Collaboration),\u2026&nbsp;<\/p>\n\n\n\n<p>\u1ede ECVN c\u00f2n c\u00f3 s\u1ef1 g\u1eafn k\u1ebft ch\u1eb7t ch\u1ebd, t\u00ecnh th\u00e2n \u00e1i th\u00e2n gi\u1eefa \u0111\u1ed9i ng\u0169 nh\u00e2n vi\u00ean c\u00e1n b\u1ed9 v\u00e0 gi\u00e1o vi\u00ean n\u01b0\u1edbc ngo\u00e0i. V\u1eeba l\u00e0 \u0111\u1ed3ng nghi\u1ec7p, v\u1eeba l\u00e0 b\u1ea1n b\u00e8, \u0111\u1ed9i ng\u0169 nh\u00e2n vi\u00ean ECVN t\u1ea1i t\u1ea5t c\u1ea3 c\u00e1c chi nh\u00e1nh lu\u00f4n \u0111\u1ed3ng h\u00e0nh, h\u1ebft m\u00ecnh v\u1edbi c\u00f4ng vi\u1ec7c, \u0111\u1ec3 c\u00f9ng nhau t\u1ea1o n\u00ean m\u1ed9t t\u1eadp th\u1ec3 ECVN v\u1eefng m\u1ea1nh, g\u00f3p ph\u1ea7n cho s\u1ef1 ph\u00e1t tri\u1ec3n c\u1ee7a n\u1ec1n gi\u00e1o d\u1ee5c n\u01b0\u1edbc nh\u00e0.&nbsp;<\/p>\n\n\n\n<p>V\u1edbi t\u00e2m huy\u1ebft \u0111\u00f3, ECVN hi v\u1ecdng s\u1ebd mang l\u1ea1i c\u01a1 h\u1ed9i cho c\u00e1c em h\u1ecdc sinh ti\u1ebfp c\u1eadn m\u1ed9t n\u1ec1n gi\u00e1o d\u1ee5c qu\u1ed1c t\u1ebf ti\u00ean ti\u1ebfn, v\u1eefng b\u01b0\u1edbc tr\u00ean con \u0111\u01b0\u1eddng tr\u1edf th\u00e0nh m\u1ed9t c\u00f4ng d\u00e2n to\u00e0n c\u1ea7u.<\/p>\n\n\n\n<p>Website: <a href=\"http:\/\/e-connectvietnam.edu.vn\/\">http:\/\/e-connectvietnam.edu.vn\/<\/a><\/p>\n\n\n\n<p><\/p>\n\n\n\n<p class=\"has-vivid-green-cyan-color has-text-color has-medium-font-size\"><strong>About E-connect Vietnam<\/strong><\/p>\n\n\n\n<p>E-connect Vietnam (ECVN) was established on June 18, 2013, in Hanoi, with a core team consisting of passionate young individuals from the Diplomatic Academy of Vietnam. After four years of shaping and development, ECVN implemented a language training program delivered by 100% native-speaking teachers to students in five provinces and major cities in the Northern region, including Hanoi, Nam Dinh, Hai Duong, Hai Phong, and Quang Ninh.<\/p>\n\n\n\n<p>The core values of ECVN revolve around the commitment to rapid and sustainable development through \u201cdedication, high-quality education, and non-stop improvement\u201d. Over the course of 8 years of construction and growth, ECVN has gradually affirmed its unique identity. Recognizing that a good language center is not only about modern facilities but also about teachers who understand their students (including personality, learning capacity, etc.), this is what is referred to as the dedication of the educators and educational management personnel.<\/p>\n\n\n\n<p>ECVN aims to collaborate with schools to incorporate foreign-influenced English programs into the main curriculum. Additionally, ECVN not only focuses on teaching English but also emphasizes sharing culture and providing training in skills such as Communication, Critical Thinking, Creativity, and Collaboration.&nbsp;<\/p>\n\n\n\n<p>ECVN also fosters a strong, friendly connection among staffs and foreign teachers. As colleagues and friends, the ECVN team works together wholeheartedly to contribute to the development of the national education system.&nbsp;<\/p>\n\n\n\n<p>With this dedication, ECVN hopes to provide opportunities for students to access an advanced international education, confidently stepping onto the path of becoming global citizens.<\/p>\n\n\n\n<p>Website: <a href=\"http:\/\/e-connectvietnam.edu.vn\/\">http:\/\/e-connectvietnam.edu.vn\/<\/a><\/p>\n","protected":false},"excerpt":{"rendered":"<p>Gi\u1edbi thi\u1ec7u nh\u00e0 t\u00e0i tr\u1ee3 (English below) E-connect Vi\u1ec7t Nam \u0111\u01b0\u1ee3c th\u00e0nh l\u1eadp ng\u00e0y 18\/6\/2013 t\u1ea1i H\u00e0 N\u1ed9i v\u1edbi l\u1ef1c l\u01b0\u1ee3ng ch\u00ednh l\u00e0 nh\u1eefng ng\u01b0\u1eddi tr\u1ebb, t\u00e2m huy\u1ebft t\u1eeb H\u1ecdc vi\u1ec7n Ngo\u1ea1i giao. Sau 4 n\u0103m \u0111\u1ecbnh h\u00ecnh v\u00e0 ph\u00e1t tri\u1ec3n, E-connect Vi\u1ec7t Nam \u0111\u00e3 tri\u1ec3n khai ch\u01b0\u01a1ng tr\u00ecnh \u0111\u00e0o t\u1ea1o ngo\u1ea1i ng\u1eef do 100% &hellip; <\/p>\n","protected":false},"author":6,"featured_media":0,"parent":74,"menu_order":0,"comment_status":"closed","ping_status":"closed","template":"","meta":{"footnotes":""},"class_list":["post-1589","page","type-page","status-publish","hentry"],"_links":{"self":[{"href":"https:\/\/conf.vanj.jp\/2023\/wp-json\/wp\/v2\/pages\/1589"}],"collection":[{"href":"https:\/\/conf.vanj.jp\/2023\/wp-json\/wp\/v2\/pages"}],"about":[{"href":"https:\/\/conf.vanj.jp\/2023\/wp-json\/wp\/v2\/types\/page"}],"author":[{"embeddable":true,"href":"https:\/\/conf.vanj.jp\/2023\/wp-json\/wp\/v2\/users\/6"}],"replies":[{"embeddable":true,"href":"https:\/\/conf.vanj.jp\/2023\/wp-json\/wp\/v2\/comments?post=1589"}],"version-history":[{"count":3,"href":"https:\/\/conf.vanj.jp\/2023\/wp-json\/wp\/v2\/pages\/1589\/revisions"}],"predecessor-version":[{"id":1625,"href":"https:\/\/conf.vanj.jp\/2023\/wp-json\/wp\/v2\/pages\/1589\/revisions\/1625"}],"up":[{"embeddable":true,"href":"https:\/\/conf.vanj.jp\/2023\/wp-json\/wp\/v2\/pages\/74"}],"wp:attachment":[{"href":"https:\/\/conf.vanj.jp\/2023\/wp-json\/wp\/v2\/media?parent=1589"}],"curies":[{"name":"wp","href":"https:\/\/api.w.org\/{rel}","templated":true}]}}