{"id":2829,"date":"2024-11-30T11:12:45","date_gmt":"2024-11-30T11:12:45","guid":{"rendered":"https:\/\/conf.vanj.jp\/2024\/?page_id=2829"},"modified":"2024-11-30T11:14:17","modified_gmt":"2024-11-30T11:14:17","slug":"vietnams-quintessence-pharma-2","status":"publish","type":"page","link":"https:\/\/conf.vanj.jp\/2024\/sponsors\/vietnams-quintessence-pharma-2\/","title":{"rendered":"Vietnam&#8217;s Quintessence Pharma"},"content":{"rendered":"\n<figure class=\"wp-block-image size-large is-resized\"><img loading=\"lazy\" decoding=\"async\" width=\"1024\" height=\"432\" src=\"https:\/\/conf.vanj.jp\/2024\/wp-content\/uploads\/2024\/11\/Vietnams-Quintessence-Pharma-e1732681608293-1024x432.png\" alt=\"\" class=\"wp-image-2289\" style=\"width:813px;height:auto\" srcset=\"https:\/\/conf.vanj.jp\/2024\/wp-content\/uploads\/2024\/11\/Vietnams-Quintessence-Pharma-e1732681608293-1024x432.png 1024w, https:\/\/conf.vanj.jp\/2024\/wp-content\/uploads\/2024\/11\/Vietnams-Quintessence-Pharma-e1732681608293-300x127.png 300w, https:\/\/conf.vanj.jp\/2024\/wp-content\/uploads\/2024\/11\/Vietnams-Quintessence-Pharma-e1732681608293-768x324.png 768w, https:\/\/conf.vanj.jp\/2024\/wp-content\/uploads\/2024\/11\/Vietnams-Quintessence-Pharma-e1732681608293-1536x648.png 1536w, https:\/\/conf.vanj.jp\/2024\/wp-content\/uploads\/2024\/11\/Vietnams-Quintessence-Pharma-e1732681608293-2048x864.png 2048w\" sizes=\"auto, (max-width: 1024px) 100vw, 1024px\" \/><\/figure>\n\n\n\n<p class=\"has-text-color has-link-color has-large-font-size wp-elements-12541902a766bf1960eea5354c0c002f\" style=\"color:#8164e2\"><strong>Gi\u1edbi thi\u1ec7u nh\u00e0 t\u00e0i tr\u1ee3 (English below)<\/strong><\/p>\n\n\n\n<p>\u0110\u01b0\u1ee3c th\u00e0nh l\u1eadp v\u00e0o n\u0103m 2024, Tinh T\u00fay Vi\u1ec7t l\u00e0 th\u01b0\u01a1ng hi\u1ec7u uy t\u00edn trong l\u0129nh v\u1ef1c cung c\u1ea5p gi\u1ea3i ph\u00e1p qu\u00e0 t\u1eb7ng t\u1eeb tinh hoa th\u1ea3o d\u01b0\u1ee3c Vi\u1ec7t Nam. D\u1ef1a tr\u00ean s\u1ef1 k\u1ebft h\u1ee3p h\u00e0i h\u00f2a gi\u1eefa y h\u1ecdc c\u1ed5 truy\u1ec1n, c\u00e1c ch\u1ee9ng minh khoa h\u1ecdc v\u00e0 c\u00f4ng ngh\u1ec7 s\u1ea3n xu\u1ea5t hi\u1ec7n \u0111\u1ea1i, Tinh T\u00fay Vi\u1ec7t kh\u00f4ng ch\u1ec9 mang \u0111\u1ebfn cho ng\u01b0\u1eddi ti\u00eau d\u00f9ng \u1edf trong v\u00e0 ngo\u00e0i n\u01b0\u1edbc nh\u1eefng s\u1ea3n ph\u1ea9m ch\u0103m s\u00f3c s\u1ee9c kh\u1ecfe ch\u1ea5t l\u01b0\u1ee3ng m\u00e0 c\u00f2n g\u00f3p ph\u1ea7n qu\u1ea3ng b\u00e1 gi\u00e1 tr\u1ecb v\u0103n h\u00f3a, l\u1ecbch s\u1eed c\u1ee7a d\u00e2n t\u1ed9c Vi\u1ec7t Nam.<\/p>\n\n\n\n<p>C\u00e1c s\u1ea3n ph\u1ea9m qu\u00e0 t\u1eb7ng c\u1ee7a Tinh T\u00fay Vi\u1ec7t \u0111\u01b0\u1ee3c s\u1ea3n xu\u1ea5t t\u1eeb ngu\u1ed3n nguy\u00ean li\u1ec7u t\u1ef1 nhi\u00ean \u0111\u1ea1t ti\u00eau chu\u1ea9n qu\u1ed1c t\u1ebf GACP\/GACP-WHO. \u0110\u01b0\u1ee3c s\u1ea3n xu\u1ea5t t\u1ea1i c\u00e1c nh\u00e0 m\u00e1y d\u01b0\u1ee3c ph\u1ea9m h\u00e0ng \u0111\u1ea7u t\u1ea1i Vi\u1ec7t&nbsp; h\u1ee3p t\u00e1c c\u00f9ng c\u00e1c \u0111\u01a1n v\u1ecb h\u00e0ng \u0111\u1ea7u trong ng\u00e0nh d\u01b0\u1ee3c ph\u1ea9m t\u1ea1i Vi\u1ec7t Nam nh\u01b0 CVI Pharma v\u00e0 Hoa Linh Pharma. S\u1ef1 k\u1ebft h\u1ee3p n\u00e0y \u0111\u1ea3m b\u1ea3o c\u00e1c gi\u1ea3i ph\u00e1p qu\u00e0 t\u1eb7ng \u0111\u1ea1t ch\u1ea5t l\u01b0\u1ee3ng cao nh\u1ea5t, \u0111\u00e1p \u1ee9ng y\u00eau c\u1ea7u kh\u1eaft khe t\u1eeb c\u00e1c \u0111\u1ed1i t\u00e1c doanh nghi\u1ec7p l\u1edbn t\u1ea1i Vi\u1ec7t Nam, \u0111\u1ed3ng th\u1eddi \u0111\u1ea3m b\u1ea3o ch\u1ea5t l\u01b0\u1ee3ng v\u01b0\u1ee3t tr\u1ed9i v\u00e0 an to\u00e0n cho ng\u01b0\u1eddi ti\u00eau d\u00f9ng.&nbsp;<\/p>\n\n\n\n<p>L\u1ea5y s\u1ef1 h\u00e0i l\u00f2ng c\u1ee7a kh\u00e1ch h\u00e0ng l\u00e0m tr\u1ecdng t\u00e2m, <strong>Tinh T\u00fay Vi\u1ec7t<\/strong> h\u01b0\u1edbng \u0111\u1ebfn vi\u1ec7c thi\u1ebft k\u1ebf c\u00e1c gi\u1ea3i ph\u00e1p qu\u00e0 t\u1eb7ng \u0111\u1ed9c \u0111\u00e1o, c\u00e1 nh\u00e2n h\u00f3a, l\u1ed3ng gh\u00e9p gi\u00e1 tr\u1ecb ngh\u1ec7 thu\u1eadt, v\u0103n h\u00f3a v\u00e0 l\u1ecbch s\u1eed. Nh\u1eefng b\u1ed9 qu\u00e0 t\u1eb7ng nh\u01b0 <em>Ph\u00e1p H\u1ef7<\/em>,<em> An Th\u1ecd Xu\u00e2n, M\u1eadt Sen, Thi\u1ec1n B\u1ea3o<\/em>, v\u00e0 <em>\u0110\u00e0o M\u00e3n \u0110\u01b0\u1eddng<\/em> m\u00e0 ch\u00fang t\u00f4i cung c\u1ea5p kh\u00f4ng ch\u1ec9 l\u00e0 s\u1ea3n ph\u1ea9m ch\u0103m s\u00f3c s\u1ee9c kh\u1ecfe m\u00e0 c\u00f2n mang \u00fd ngh\u0129a tinh th\u1ea7n s\u00e2u s\u1eafc, l\u00e0 bi\u1ec3u t\u01b0\u1ee3ng c\u1ee7a s\u1ef1 tri \u00e2n v\u00e0 k\u1ebft n\u1ed1i v\u0103n h\u00f3a d\u00e2n t\u1ed9c.<\/p>\n\n\n\n<p>V\u1edbi s\u1ee9 m\u1ec7nh mang \u0111\u1ebfn nh\u1eefng gi\u1ea3i ph\u00e1p qu\u00e0 t\u1eb7ng t\u1eeb tinh hoa th\u1ea3o d\u01b0\u1ee3c Vi\u1ec7t Nam ch\u1ea5t l\u01b0\u1ee3ng, Tinh T\u00fay Vi\u1ec7t \u0111\u1eb7t tr\u1ecdng t\u00e2m v\u00e0o gi\u00e1 tr\u1ecb c\u1ed1t l\u00f5i&nbsp; \u201cTinh hoa\u201d v\u00e0 \u201cTinh t\u1ebf\u201d.<\/p>\n\n\n\n<p><strong><em>Tinh hoa:<\/em><\/strong> C\u00e1c gi\u1ea3i ph\u00e1p qu\u00e0 t\u1eb7ng t\u1eeb Tinh T\u00fay Vi\u1ec7t \u0111\u01b0\u1ee3c thi\u1ebft k\u1ebf theo h\u01b0\u1edbng c\u00e1 nh\u00e2n h\u00f3a,&nbsp; l\u1ed3ng gh\u00e9p c\u00e1c gi\u00e1 tr\u1ecb ngh\u1ec7 thu\u1eadt h\u1ed9i h\u1ecda, v\u0103n h\u00f3a, l\u1ecbch s\u1eed theo th\u1ecb hi\u1ebfu ng\u01b0\u1eddi ti\u00eau d\u00f9ng g\u00f3p ph\u1ea7n n\u00e2ng cao gi\u00e1 tr\u1ecb th\u01b0\u01a1ng hi\u1ec7u c\u1ee7a kh\u00e1ch h\u00e0ng v\u00e0 qu\u1ea3ng b\u00e1 gi\u00e1 tr\u1ecb c\u1ee7a ng\u01b0\u1eddi Vi\u1ec7t.<\/p>\n\n\n\n<p><strong><em>Tinh t\u1ebf<\/em><\/strong><em>: <\/em>\u1ede Tinh T\u00fay Vi\u1ec7t Pharma, ch\u00fang t\u00f4i l\u00e0 m\u1ed9t m\u1ea1ng l\u01b0\u1edbi \u0111\u1ed1i t\u00e1c chi\u1ebfn l\u01b0\u1ee3c, l\u00e0 c\u00e1c c\u00f4ng ty h\u00e0ng \u0111\u1ea7u Vi\u1ec7t Nam c\u00f3 s\u1ee9 m\u1ec7nh b\u1ea3o t\u1ed3n v\u00e0 ph\u00e1t tri\u1ec3n c\u00e1c lo\u1ea1i c\u00e2y d\u01b0\u1ee3c li\u1ec7u qu\u00fd hi\u1ebfm c\u1ee7a Vi\u1ec7t Nam, g\u1eafn k\u1ebft tr\u00ecnh hoa t\u1eeb ngu\u1ed3n d\u01b0\u1ee3c li\u1ec7u c\u1ed5 truy\u1ec1n c\u00f9ng th\u00e0nh qu\u1ea3 y h\u1ecdc hi\u1ec7n \u0111\u1ea1i \u0111\u1ec3 h\u1ee3p t\u00e1c s\u1ea3n xu\u1ea5t, cung c\u1ea5p c\u00e1c gi\u1ea3i ph\u00e1p qu\u00e0 t\u1eb7ng t\u1eeb tinh hoa th\u1ea3o d\u01b0\u1ee3c d\u00e2n t\u1ed9c.<\/p>\n\n\n\n<p>T\u1ea7m nh\u00ecn c\u1ee7a ch\u00fang t\u00f4i l\u00e0 ph\u1ea5n \u0111\u1ea5u tr\u1edf th\u00e0nh th\u01b0\u01a1ng hi\u1ec7u qu\u1ed1c gia \u0111\u01b0\u1ee3c ng\u01b0\u1eddi ti\u00eau d\u00f9ng trong v\u00e0 ngo\u00e0i n\u01b0\u1edbc tin t\u01b0\u1edfng, \u0111\u01b0a c\u00e1c s\u1ea3n ph\u1ea9m th\u1ea3o d\u01b0\u1ee3c Vi\u1ec7t Nam v\u01b0\u01a1n ra th\u1ecb tr\u01b0\u1eddng qu\u1ed1c t\u1ebf v\u00e0o n\u0103m 2030. \u0110\u1ec3 hi\u1ec7n th\u1ef1c h\u00f3a \u0111i\u1ec1u n\u00e0y, ch\u00fang t\u00f4i kh\u00f4ng ng\u1eebng \u0111\u1ea7u t\u01b0 v\u00e0o R&amp;D, hi\u1ec7n \u0111\u1ea1i h\u00f3a c\u00f4ng ngh\u1ec7 s\u1ea3n xu\u1ea5t v\u00e0 x\u00e2y d\u1ef1ng \u0111\u1ed9i ng\u0169 nh\u00e2n s\u1ef1 t\u00e0i n\u0103ng.<\/p>\n\n\n\n<p>H\u00e3y c\u00f9ng Tinh T\u00fay Vi\u1ec7t chia s\u1ebb nh\u1eefng gi\u00e1 tr\u1ecb ch\u00e2n qu\u00fd t\u1eeb tinh hoa th\u1ea3o d\u01b0\u1ee3c Vi\u1ec7t Nam, g\u00f3p ph\u1ea7n b\u1ea3o t\u1ed3n v\u00e0 lan t\u1ecfa n\u00e9t \u0111\u1eb9p v\u0103n h\u00f3a d\u00e2n t\u1ed9c.<\/p>\n\n\n\n<p class=\"has-text-color has-link-color has-large-font-size wp-elements-66b4813c6480cad02c704ae5b0c3e7a2\" style=\"color:#8164e2\"><strong>About<\/strong> <strong>Vietnam\u2019s Quintessence Pharma<\/strong><\/p>\n\n\n\n<p>Founded in 2024, <strong>Vietnam\u2019s Quintessence Pharma<\/strong> is a prestigious brand specializing in gifting solutions crafted from the essence of Vietnamese medicinal herbs. By harmoniously combining traditional medicine, scientific validation, and modern manufacturing technology, Vietnam\u2019s Quintessence Pharma delivers high-quality health care products while promoting the cultural and historical values of Vietnam.<\/p>\n\n\n\n<p>The gift products of Vietnam\u2019s Quintessence Pharma are made from raw materials that meet international standards such as GACP and GACP-WHO, in collaboration with leading pharmaceutical companies in Vietnam, including CVI Pharma and Hoa Linh Pharma. This partnership ensures that our gifting solutions achieve the highest quality, meeting the strict demands of major corporate partners in Vietnam, while maintaining superior quality and safety for consumers.<\/p>\n\n\n\n<p>Guided by customer satisfaction, Vietnam\u2019s Quintessence Pharma<strong> <\/strong>aims to design unique, personalized gifting solutions that integrate artistic, cultural, and historical values. Gift sets such as <em>Ph\u00e1p H\u1ef7<\/em>, <em>An Th\u1ecd Xu\u00e2n<\/em>, <em>M\u1eadt Sen<\/em>, <em>Thi\u1ec1n B\u1ea3o<\/em>, and <em>\u0110\u00e0o M\u00e3n \u0110\u01b0\u1eddng<\/em> are not merely health care products but also carry profound spiritual significance, serving as symbols of gratitude and cultural connection.<\/p>\n\n\n\n<p>With the mission of providing high-quality gifting solutions from the quintessence of Vietnamese herbs, Vietnam\u2019s Quintessence Pharma focuses on the core values of \u201cEssence\u201d and&nbsp; \u201cExcellence\u201d:<\/p>\n\n\n\n<ul class=\"wp-block-list\">\n<li><strong>Essence<\/strong>: Vietnam\u2019s Quintessence Pharma\u2019s gifting solutions are personalized and incorporate artistic, cultural, and historical values tailored to consumer preferences. These efforts enhance the customer&#8217;s brand value and promote the heritage of Vietnamese identity.<\/li>\n\n\n\n<li><strong>Excellence<\/strong>: At Vietnam\u2019s Quintessence Pharma, we are a network of strategic partners comprising leading Vietnamese companies dedicated to preserving and developing rare medicinal herbs. We blend the essence of traditional herbal resources with the achievements of modern medicine to produce and supply gifting solutions from the quintessence of national herbs.<\/li>\n<\/ul>\n\n\n\n<p>Our vision is to become a national brand trusted by consumers both domestically and internationally, expanding Vietnamese herbal products to global markets by 2030. To achieve this, we continuously invest in R&amp;D, modernize manufacturing technologies, and build a team of talented professionals.<\/p>\n\n\n\n<p>Join Vietnam\u2019s Quintessence Pharma<strong> <\/strong>in sharing the precious values of Vietnamese herbal essences, contributing to the preservation and spread of the nation\u2019s cultural beauty.<\/p>\n","protected":false},"excerpt":{"rendered":"<p>Gi\u1edbi thi\u1ec7u nh\u00e0 t\u00e0i tr\u1ee3 (English below) \u0110\u01b0\u1ee3c th\u00e0nh l\u1eadp v\u00e0o n\u0103m 2024, Tinh T\u00fay Vi\u1ec7t l\u00e0 th\u01b0\u01a1ng hi\u1ec7u uy t\u00edn trong l\u0129nh v\u1ef1c cung c\u1ea5p gi\u1ea3i ph\u00e1p qu\u00e0 t\u1eb7ng t\u1eeb tinh hoa th\u1ea3o d\u01b0\u1ee3c Vi\u1ec7t Nam. D\u1ef1a tr\u00ean s\u1ef1 k\u1ebft h\u1ee3p h\u00e0i h\u00f2a gi\u1eefa y h\u1ecdc c\u1ed5 truy\u1ec1n, c\u00e1c ch\u1ee9ng minh khoa h\u1ecdc v\u00e0 &hellip; <\/p>\n","protected":false},"author":6,"featured_media":0,"parent":74,"menu_order":0,"comment_status":"closed","ping_status":"closed","template":"","meta":{"footnotes":""},"class_list":["post-2829","page","type-page","status-publish","hentry"],"aioseo_notices":[],"_links":{"self":[{"href":"https:\/\/conf.vanj.jp\/2024\/wp-json\/wp\/v2\/pages\/2829","targetHints":{"allow":["GET"]}}],"collection":[{"href":"https:\/\/conf.vanj.jp\/2024\/wp-json\/wp\/v2\/pages"}],"about":[{"href":"https:\/\/conf.vanj.jp\/2024\/wp-json\/wp\/v2\/types\/page"}],"author":[{"embeddable":true,"href":"https:\/\/conf.vanj.jp\/2024\/wp-json\/wp\/v2\/users\/6"}],"replies":[{"embeddable":true,"href":"https:\/\/conf.vanj.jp\/2024\/wp-json\/wp\/v2\/comments?post=2829"}],"version-history":[{"count":1,"href":"https:\/\/conf.vanj.jp\/2024\/wp-json\/wp\/v2\/pages\/2829\/revisions"}],"predecessor-version":[{"id":2830,"href":"https:\/\/conf.vanj.jp\/2024\/wp-json\/wp\/v2\/pages\/2829\/revisions\/2830"}],"up":[{"embeddable":true,"href":"https:\/\/conf.vanj.jp\/2024\/wp-json\/wp\/v2\/pages\/74"}],"wp:attachment":[{"href":"https:\/\/conf.vanj.jp\/2024\/wp-json\/wp\/v2\/media?parent=2829"}],"curies":[{"name":"wp","href":"https:\/\/api.w.org\/{rel}","templated":true}]}}