{"id":2833,"date":"2024-11-30T11:20:37","date_gmt":"2024-11-30T11:20:37","guid":{"rendered":"https:\/\/conf.vanj.jp\/2024\/?page_id=2833"},"modified":"2024-12-01T00:20:59","modified_gmt":"2024-12-01T00:20:59","slug":"vadx","status":"publish","type":"page","link":"https:\/\/conf.vanj.jp\/2024\/sponsors\/vadx\/","title":{"rendered":"VADX"},"content":{"rendered":"\n<figure class=\"wp-block-image size-large\"><img loading=\"lazy\" decoding=\"async\" width=\"1024\" height=\"300\" src=\"https:\/\/conf.vanj.jp\/2024\/wp-content\/uploads\/2024\/11\/VADX-Japan-e1732681847184-1024x300.png\" alt=\"\" class=\"wp-image-2290\" srcset=\"https:\/\/conf.vanj.jp\/2024\/wp-content\/uploads\/2024\/11\/VADX-Japan-e1732681847184-1024x300.png 1024w, https:\/\/conf.vanj.jp\/2024\/wp-content\/uploads\/2024\/11\/VADX-Japan-e1732681847184-300x88.png 300w, https:\/\/conf.vanj.jp\/2024\/wp-content\/uploads\/2024\/11\/VADX-Japan-e1732681847184-768x225.png 768w, https:\/\/conf.vanj.jp\/2024\/wp-content\/uploads\/2024\/11\/VADX-Japan-e1732681847184-1536x450.png 1536w, https:\/\/conf.vanj.jp\/2024\/wp-content\/uploads\/2024\/11\/VADX-Japan-e1732681847184-2048x601.png 2048w\" sizes=\"auto, (max-width: 1024px) 100vw, 1024px\" \/><\/figure>\n\n\n\n<p class=\"has-text-color has-link-color has-large-font-size wp-elements-12541902a766bf1960eea5354c0c002f\" style=\"color:#8164e2\"><strong>Gi\u1edbi thi\u1ec7u nh\u00e0 t\u00e0i tr\u1ee3 (English below)<\/strong><\/p>\n\n\n\n<p>Hi\u1ec7p h\u1ed9i chuy\u1ec3n \u0111\u1ed5i s\u1ed1 Vi\u1ec7t Nam t\u1ea1i Nh\u1eadt B\u1ea3n (VADX Japan) l\u00e0 t\u1ed5 ch\u1ee9c x\u00e3 h\u1ed9i-ngh\u1ec1 nghi\u1ec7p \u0111\u1ea1i di\u1ec7n cho c\u00e1c doanh nghi\u1ec7p, t\u1ed5 ch\u1ee9c ho\u1ea1t \u0111\u1ed9ng trong l\u0129nh v\u1ef1c chuy\u1ec3n \u0111\u1ed5i s\u1ed1, \u0111\u1ed5i m\u1edbi s\u00e1ng t\u1ea1o c\u1ee7a ng\u01b0\u1eddi Vi\u1ec7t Nam ho\u1ea1t \u0111\u1ed9ng t\u1ea1i Nh\u1eadt B\u1ea3n. M\u1ee5c \u0111\u00edch c\u1ee7a Hi\u1ec7p h\u1ed9i l\u00e0 t\u0103ng c\u01b0\u1eddng s\u1ef1 h\u1ee3p t\u00e1c, chia s\u1ebb, h\u1ed7 tr\u1ee3 l\u1eabn nhau gi\u1eefa c\u00e1c h\u1ed9i vi\u00ean, th\u00fac \u0111\u1ea9y s\u1ef1 ph\u00e1t tri\u1ec3n c\u0169ng nh\u01b0 \u0111\u00f3ng g\u00f3p cho qu\u00e1 tr\u00ecnh chuy\u1ec3n \u0111\u1ed5i s\u1ed1, \u0111\u1ed5i m\u1edbi s\u00e1ng t\u1ea1o c\u1ee7a Vi\u1ec7t Nam v\u00e0 Nh\u1eadt B\u1ea3n.<\/p>\n\n\n\n<p class=\"has-text-color has-link-color has-large-font-size wp-elements-fbba8c5e07a6f11fb61bd602867a0b2c\" style=\"color:#8164e2\"><strong>About VADX<\/strong><\/p>\n\n\n\n<p>The Vietnam Association of Digital Transformation in Japan (VADX Japan) is a professional and social organization representing Vietnamese businesses and organizations engaged in digital transformation and innovation in Japan. The Association&#8217;s mission is to enhance collaboration, share knowledge, and provide mutual support among its members, fostering growth and contributing to Vietnam and Japan&#8217;s digital transformation and innovation processes.<br><\/p>\n\n\n\n<p><\/p>\n","protected":false},"excerpt":{"rendered":"<p>Gi\u1edbi thi\u1ec7u nh\u00e0 t\u00e0i tr\u1ee3 (English below) Hi\u1ec7p h\u1ed9i chuy\u1ec3n \u0111\u1ed5i s\u1ed1 Vi\u1ec7t Nam t\u1ea1i Nh\u1eadt B\u1ea3n (VADX Japan) l\u00e0 t\u1ed5 ch\u1ee9c x\u00e3 h\u1ed9i-ngh\u1ec1 nghi\u1ec7p \u0111\u1ea1i di\u1ec7n cho c\u00e1c doanh nghi\u1ec7p, t\u1ed5 ch\u1ee9c ho\u1ea1t \u0111\u1ed9ng trong l\u0129nh v\u1ef1c chuy\u1ec3n \u0111\u1ed5i s\u1ed1, \u0111\u1ed5i m\u1edbi s\u00e1ng t\u1ea1o c\u1ee7a ng\u01b0\u1eddi Vi\u1ec7t Nam ho\u1ea1t \u0111\u1ed9ng t\u1ea1i Nh\u1eadt B\u1ea3n. M\u1ee5c &hellip; <\/p>\n","protected":false},"author":6,"featured_media":0,"parent":74,"menu_order":0,"comment_status":"closed","ping_status":"closed","template":"","meta":{"footnotes":""},"class_list":["post-2833","page","type-page","status-publish","hentry"],"aioseo_notices":[],"_links":{"self":[{"href":"https:\/\/conf.vanj.jp\/2024\/wp-json\/wp\/v2\/pages\/2833","targetHints":{"allow":["GET"]}}],"collection":[{"href":"https:\/\/conf.vanj.jp\/2024\/wp-json\/wp\/v2\/pages"}],"about":[{"href":"https:\/\/conf.vanj.jp\/2024\/wp-json\/wp\/v2\/types\/page"}],"author":[{"embeddable":true,"href":"https:\/\/conf.vanj.jp\/2024\/wp-json\/wp\/v2\/users\/6"}],"replies":[{"embeddable":true,"href":"https:\/\/conf.vanj.jp\/2024\/wp-json\/wp\/v2\/comments?post=2833"}],"version-history":[{"count":2,"href":"https:\/\/conf.vanj.jp\/2024\/wp-json\/wp\/v2\/pages\/2833\/revisions"}],"predecessor-version":[{"id":2844,"href":"https:\/\/conf.vanj.jp\/2024\/wp-json\/wp\/v2\/pages\/2833\/revisions\/2844"}],"up":[{"embeddable":true,"href":"https:\/\/conf.vanj.jp\/2024\/wp-json\/wp\/v2\/pages\/74"}],"wp:attachment":[{"href":"https:\/\/conf.vanj.jp\/2024\/wp-json\/wp\/v2\/media?parent=2833"}],"curies":[{"name":"wp","href":"https:\/\/api.w.org\/{rel}","templated":true}]}}