{"id":2816,"date":"2024-11-30T10:47:56","date_gmt":"2024-11-30T10:47:56","guid":{"rendered":"https:\/\/conf.vanj.jp\/2024\/?page_id=2816"},"modified":"2025-11-19T12:20:56","modified_gmt":"2025-11-19T12:20:56","slug":"fpt-japan","status":"publish","type":"page","link":"https:\/\/conf.vanj.jp\/2025\/sponsors\/fpt-japan\/","title":{"rendered":"FPT Japan"},"content":{"rendered":"\n<figure class=\"wp-block-image size-large is-resized\"><img loading=\"lazy\" decoding=\"async\" width=\"1024\" height=\"591\" src=\"https:\/\/conf.vanj.jp\/2025\/wp-content\/uploads\/2025\/11\/Logo-mau@2x-1024x591.png\" alt=\"\" class=\"wp-image-3419\" style=\"width:275px;height:auto\" srcset=\"https:\/\/conf.vanj.jp\/2025\/wp-content\/uploads\/2025\/11\/Logo-mau@2x-1024x591.png 1024w, https:\/\/conf.vanj.jp\/2025\/wp-content\/uploads\/2025\/11\/Logo-mau@2x-300x173.png 300w, https:\/\/conf.vanj.jp\/2025\/wp-content\/uploads\/2025\/11\/Logo-mau@2x-768x443.png 768w, https:\/\/conf.vanj.jp\/2025\/wp-content\/uploads\/2025\/11\/Logo-mau@2x-330x190.png 330w, https:\/\/conf.vanj.jp\/2025\/wp-content\/uploads\/2025\/11\/Logo-mau@2x-1536x886.png 1536w, https:\/\/conf.vanj.jp\/2025\/wp-content\/uploads\/2025\/11\/Logo-mau@2x.png 1563w\" sizes=\"auto, (max-width: 1024px) 100vw, 1024px\" \/><\/figure>\n\n\n\n<p><strong>Website:<\/strong> <a href=\"https:\/\/fptsoftware.jp\/\" target=\"_blank\" rel=\"noopener\" title=\"\">https:\/\/fptsoftware.jp\/<\/a><\/p>\n\n\n\n<iframe loading=\"lazy\" src=\"https:\/\/drive.google.com\/file\/d\/1MxDmRb1mfp0yTN3YtGWtDQTRldVpk9kg\/preview\" width=\"640\" height=\"480\" allow=\"autoplay\"><\/iframe>\n\n\n\n<p class=\"has-text-color has-large-font-size\" style=\"color:#03734f\"><strong>About FPT Japan (Vietnamese below)<\/strong><\/p>\n\n\n\n<p><strong>FPT Japan<\/strong> is the Japanese subsidiary of FPT Software, a global IT services provider.<br>Established in Japan in 2005, FPT Japan&#8217;s mission is to fulfill the dream of &#8220;putting Vietnam on<br>the world technology map.&#8221;<br><br>FPT Japan primarily provides software services and solutions for key industries in Japan,<br>including Manufacturing, Banking and Finance, Distribution and Logistics, Healthcare,<br>Construction, and Energy.<\/p>\n\n\n\n<p>With a team of experienced technology engineers, FPT Japan offers comprehensive services to<br>clients, from consulting to implementation and operation of digital transformation solutions.<br>These solutions are based on research and development in core technologies such as IoT,<br>Mobile, Big Data, Artificial Intelligence, Blockchain, and more.<\/p>\n\n\n\n<p>Since its establishment, FPT Japan has achieved:<\/p>\n\n\n\n<ul class=\"wp-block-list\">\n<li>17 representative offices and technology centers across Japan<\/li>\n\n\n\n<li>Nearly 5,000 employees, including young professionals and technology experts from 24<br>countries, are currently working long-term in Japan and creating opportunities for over<br>11,000 IT engineers in Vietnam to work in a professional environment with Japanese<br>clients.<\/li>\n\n\n\n<li>As the largest and most important market for FPT and FPT Software (FSOFT).<br>In two decades of development, FPT Japan has consistently grown its share in the technology<br>and IT services market, providing services and solutions to more than 450 clients in Japan and<br>globally. Working at FPT Japan offers employees the chance to work not only on projects in<br>Japan but also on major projects for global corporations like Airbus, Softbank, IBM, and others.<br>FPT Japan is also a senior consulting partner for many international technology companies,<br>including Outsystems, Sitecore, SAP, and others.<\/li>\n<\/ul>\n\n\n\n<p>Alongside a youthful, dynamic work environment with ample growth opportunities, FPT Japan<br>also offers various benefits to ensure employee well-being and quality of life, such as the Go<br>Japan, Enjoy Japan, Housing Support, and Taishokukin programs.<\/p>\n\n\n\n<p>The company has been recognized for creating an excellent work environment and welfare for<br>its employees, as evidenced by awards such as Best Workplace in Asia, Best Workplace in<br>Japan, and Best Workplace for Women in Japan.<\/p>\n\n\n\n<p><strong>FPT WILL CONTINUE TO GROW STRONGLY INTO THE FUTURE<\/strong><br>By 2030, FPT aims to be among the top 20 technology companies globally, with a<br>revenue of $5 billion. Revenue from the Japanese market is expected to maintain a high<br>growth rate of over 30% per year, with a target of $1 billion by 2027, continuing to serve<br>as the Group&#8217;s key market.<\/p>\n\n\n\n<p><\/p>\n\n\n\n<p class=\"has-text-color has-large-font-size\" style=\"color:#03734f\"><strong>V\u1ec1 FPT Japan<\/strong><\/p>\n\n\n\n<p><strong>FPT Japan<\/strong> l\u00e0 ph\u00e1p nh\u00e2n Nh\u1eadt B\u1ea3n c\u1ee7a c\u00f4ng ty TNHH Ph\u1ea7n m\u1ec1m FPT (FPT Software) &#8211; nh\u00e0<br>cung c\u1ea5p d\u1ecbch v\u1ee5 CNTT to\u00e0n c\u1ea7u. \u0110\u01b0\u1ee3c th\u00e0nh l\u1eadp t\u1ea1i Nh\u1eadt B\u1ea3n n\u0103m 2005, FPT Japan mang s\u1ee9<br>m\u1ec7nh hi\u1ec7n th\u1ef1c h\u00f3a gi\u1ea5c m\u01a1 \u201cvi\u1ebft t\u00ean Vi\u1ec7t Nam l\u00ean b\u1ea3n \u0111\u1ed3 c\u00f4ng ngh\u1ec7 th\u1ebf gi\u1edbi\u201d.<br>FPT Japan ho\u1ea1t \u0111\u1ed9ng ch\u1ee7 y\u1ebfu trong l\u0129nh v\u1ef1c cung c\u1ea5p c\u00e1c d\u1ecbch v\u1ee5, gi\u1ea3i ph\u00e1p ph\u1ea7n m\u1ec1m cho<br>nhi\u1ec1u ng\u00e0nh quan tr\u1ecdng c\u1ee7a Nh\u1eadt B\u1ea3n nh\u01b0 S\u1ea3n xu\u1ea5t, T\u00e0i ch\u00ednh ng\u00e2n h\u00e0ng, Ph\u00e2n ph\u1ed1i l\u01b0u<br>th\u00f4ng, Ch\u0103m s\u00f3c s\u1ee9c kh\u1ecfe, X\u00e2y d\u1ef1ng, n\u0103ng l\u01b0\u1ee3ng\u2026<\/p>\n\n\n\n<p>V\u1edbi l\u1ef1c l\u01b0\u1ee3ng k\u1ef9 s\u01b0 c\u00f4ng ngh\u1ec7 gi\u00e0u kinh nghi\u1ec7m, FJP cung c\u1ea5p c\u00e1c d\u1ecbch v\u1ee5 tr\u1ecdn g\u00f3i cho kh\u00e1ch<br>h\u00e0ng, t\u1eeb t\u01b0 v\u1ea5n t\u1edbi tri\u1ec3n khai, v\u1eadn h\u00e0nh c\u00e1c gi\u1ea3i ph\u00e1p chuy\u1ec3n \u0111\u1ed5i s\u1ed1 (Digital Transformation)<br>d\u1ef1a tr\u00ean n\u1ec1n t\u1ea3ng nghi\u00ean c\u1ee9u v\u00e0 ph\u00e1t tri\u1ec3n c\u00e1c c\u00f4ng ngh\u1ec7 c\u1ed1t l\u00f5i nh\u01b0 IoT, Mobile, Big Data, Tr\u00ed<br>tu\u1ec7 nh\u00e2n t\u1ea1o, Blockchain, \u2026<\/p>\n\n\n\n<p>T\u1eeb ng\u00e0y th\u00e0nh l\u1eadp t\u1edbi nay FPT Japan \u0111\u00e3 c\u00f3:<\/p>\n\n\n\n<ul class=\"wp-block-list\">\n<li>17 v\u0103n ph\u00f2ng v\u00e0 trung t\u00e2m c\u00f4ng ngh\u1ec7 tr\u00ean kh\u1eafp n\u01b0\u1edbc Nh\u1eadt.<\/li>\n\n\n\n<li>G\u1ea7n 5000 nh\u00e2n vi\u00ean \u0111\u1ebfn t\u1eeb 33 qu\u1ed1c gia l\u00e0 c\u00e1c tri th\u1ee9c tr\u1ebb, c\u00e1c chuy\u00ean gia c\u00f4ng ngh\u1ec7<br>\u0111ang l\u00e0m vi\u1ec7c d\u00e0i h\u1ea1n t\u1ea1i Nh\u1eadt B\u1ea3n v\u00e0 t\u1ea1o c\u01a1 h\u1ed9i cho h\u01a1n 11,000 k\u1ef9 s\u01b0 CNTT t\u1ea1i Vi\u1ec7t<br>Nam \u0111\u01b0\u1ee3c l\u00e0m vi\u1ec7c trong m\u00f4i tr\u01b0\u1eddng chuy\u00ean nghi\u1ec7p v\u1edbi kh\u00e1ch h\u00e0ng Nh\u1eadt B\u1ea3n v\u00e0 to\u00e0n<br>c\u1ea7u.<\/li>\n\n\n\n<li>L\u00e0 th\u1ecb tr\u01b0\u1eddng tr\u1ecdng \u0111i\u1ec3m, l\u1edbn nh\u1ea5t c\u1ee7a c\u1ee7a FPT n\u00f3i chung v\u00e0 FPT Software n\u00f3i ri\u00eang.<\/li>\n<\/ul>\n\n\n\n<p>V\u1edbi 2 th\u1eadp k\u1ef7 ph\u00e1t tri\u1ec3n, FPT Japan kh\u00f4ng ng\u1eebng t\u0103ng tr\u01b0\u1edfng th\u1ecb ph\u1ea7n c\u00f4ng ngh\u1ec7 v\u00e0 d\u1ecbch v\u1ee5<br>CNTT c\u0169ng nh\u01b0 cung \u1ee9ng d\u1ecbch v\u1ee5 v\u00e0 gi\u1ea3i ph\u00e1p cho h\u01a1n 450 kh\u00e1ch h\u00e0ng t\u1ea1i Nh\u1eadt v\u00e0 tr\u00ean to\u00e0n<br>th\u1ebf gi\u1edbi. L\u00e0m vi\u1ec7c t\u1ea1i FPT Japan, nh\u00e2n vi\u00ean kh\u00f4ng ch\u1ec9 c\u00f3 c\u01a1 h\u1ed9i l\u00e0m vi\u1ec7c cho c\u00e1c d\u1ef1 \u00e1n t\u1ea1i Nh\u1eadt<br>B\u1ea3n m\u00e0 c\u00f2n \u0111\u01b0\u1ee3c t\u1ea1o \u0111i\u1ec1u ki\u1ec7n th\u1eed th\u00e1ch v\u1edbi nhi\u1ec1u d\u1ef1 \u00e1n l\u1edbn c\u1ee7a c\u00e1c t\u1eadp \u0111o\u00e0n to\u00e0n c\u1ea7u nh\u01b0<br>AirBus, Softbank, IBM,\u2026 FPT Japan c\u0169ng l\u00e0 \u0111\u1ed1i t\u00e1c t\u01b0 v\u1ea5n c\u1ea5p cao c\u1ee7a nhi\u1ec1u c\u00f4ng ty c\u00f4ng<br>ngh\u1ec7 qu\u1ed1c t\u1ebf nh\u01b0 Outsystems, Sitecore, SAP\u2026<\/p>\n\n\n\n<p>B\u00ean c\u1ea1nh m\u00f4i tr\u01b0\u1eddng l\u00e0m vi\u1ec7c tr\u1ebb trung, n\u0103ng \u0111\u1ed9ng v\u1edbi nhi\u1ec1u c\u01a1 h\u1ed9i ph\u00e1t tri\u1ec3n. FPT Japan c\u00f2n<br>cung c\u1ea5p nhi\u1ec1u ch\u00ednh s\u00e1ch an c\u01b0 l\u1ea1c nghi\u1ec7p, \u0111\u1ea3m b\u1ea3o ch\u1ea5t l\u01b0\u1ee3ng cu\u1ed9c s\u1ed1ng cho CBNV nh\u01b0<br>Go Japan, Enjoy Japan, H\u1ed7 tr\u1ee3 nh\u00e0 \u1edf, Taishokukin,\u2026<\/p>\n\n\n\n<p>C\u00f4ng ty c\u0169ng \u0111\u01b0\u1ee3c vinh danh nh\u1edd nh\u1eefng ki\u1ebfn t\u1ea1o ph\u00fac l\u1ee3i t\u1ed1t v\u00e0 m\u00f4i tr\u01b0\u1eddng l\u00e0m vi\u1ec7c h\u1ea1nh<br>ph\u00fac cho c\u00e1c CBNV, minh ch\u1ee9ng qua c\u00e1c gi\u1ea3i th\u01b0\u1edfng nh\u01b0 N\u01a1i l\u00e0m vi\u1ec7c t\u1ed1t nh\u1ea5t Ch\u00e2u \u00c1, N\u01a1i<br>l\u00e0m vi\u1ec7c t\u1ed1t nh\u1ea5t t\u1ea1i Nh\u1eadt B\u1ea3n v\u00e0 N\u01a1i l\u00e0m vi\u1ec7c t\u1ed1t nh\u1ea5t cho ph\u1ee5 n\u1eef t\u1ea1i Nh\u1eadt B\u1ea3n.<br><br><strong>FPT S\u1ebc TI\u1ebeP T\u1ee4C PH\u00c1T TRI\u1ec2N M\u1ea0NH M\u1ebc TRONG T\u01af\u01a0NG LAI<\/strong><br>V\u1edbi t\u1ea7m nh\u00ecn v\u00e0o n\u0103m 2030, FPT s\u1ebd l\u1ecdt v\u00e0o danh s\u00e1ch Top 20 c\u00f4ng ty c\u00f4ng ngh\u1ec7 h\u00e0ng \u0111\u1ea7u<br>c\u1ee7a th\u1ebf gi\u1edbi v\u1edbi doanh thu 5 t\u1ef7 \u0111\u00f4. Theo \u0111\u00f3, doanh thu t\u1eeb th\u1ecb tr\u01b0\u1eddng Nh\u1eadt B\u1ea3n \u0111\u01b0\u1ee3c k\u1ef3 v\u1ecdng<br>duy tr\u00ec m\u1ee9c t\u0103ng tr\u01b0\u1edfng cao tr\u00ean 30%\/n\u0103m, h\u01b0\u1edbng t\u1edbi m\u1ee5c ti\u00eau 1 t\u1ef7 USD v\u00e0o n\u0103m 2027, ti\u1ebfp<br>t\u1ee5c gi\u1eef vai tr\u00f2 l\u00e0 th\u1ecb tr\u01b0\u1eddng tr\u1ecdng \u0111i\u1ec3m c\u1ee7a T\u1eadp \u0111o\u00e0n.<\/p>\n","protected":false},"excerpt":{"rendered":"<p>Website: https:\/\/fptsoftware.jp\/ About FPT Japan (Vietnamese below) FPT Japan is the Japanese subsidiary of FPT Software, a global IT services provider.Established in Japan in 2005, FPT Japan&#8217;s mission is to fulfill the dream of &#8220;putting Vietnam onthe world technology map.&#8221; FPT Japan primarily provides software services and solutions for key industries in Japan,including Manufacturing, Banking &hellip; <\/p>\n","protected":false},"author":6,"featured_media":3296,"parent":74,"menu_order":0,"comment_status":"closed","ping_status":"closed","template":"","meta":{"om_disable_all_campaigns":false,"_monsterinsights_skip_tracking":false,"_monsterinsights_sitenote_active":false,"_monsterinsights_sitenote_note":"","_monsterinsights_sitenote_category":0,"footnotes":""},"class_list":["post-2816","page","type-page","status-publish","has-post-thumbnail","hentry"],"aioseo_notices":[],"_hostinger_reach_plugin_has_subscription_block":false,"_hostinger_reach_plugin_is_elementor":false,"_links":{"self":[{"href":"https:\/\/conf.vanj.jp\/2025\/wp-json\/wp\/v2\/pages\/2816","targetHints":{"allow":["GET"]}}],"collection":[{"href":"https:\/\/conf.vanj.jp\/2025\/wp-json\/wp\/v2\/pages"}],"about":[{"href":"https:\/\/conf.vanj.jp\/2025\/wp-json\/wp\/v2\/types\/page"}],"author":[{"embeddable":true,"href":"https:\/\/conf.vanj.jp\/2025\/wp-json\/wp\/v2\/users\/6"}],"replies":[{"embeddable":true,"href":"https:\/\/conf.vanj.jp\/2025\/wp-json\/wp\/v2\/comments?post=2816"}],"version-history":[{"count":9,"href":"https:\/\/conf.vanj.jp\/2025\/wp-json\/wp\/v2\/pages\/2816\/revisions"}],"predecessor-version":[{"id":3505,"href":"https:\/\/conf.vanj.jp\/2025\/wp-json\/wp\/v2\/pages\/2816\/revisions\/3505"}],"up":[{"embeddable":true,"href":"https:\/\/conf.vanj.jp\/2025\/wp-json\/wp\/v2\/pages\/74"}],"wp:featuredmedia":[{"embeddable":true,"href":"https:\/\/conf.vanj.jp\/2025\/wp-json\/wp\/v2\/media\/3296"}],"wp:attachment":[{"href":"https:\/\/conf.vanj.jp\/2025\/wp-json\/wp\/v2\/media?parent=2816"}],"curies":[{"name":"wp","href":"https:\/\/api.w.org\/{rel}","templated":true}]}}