{"id":3407,"date":"2025-11-09T12:36:37","date_gmt":"2025-11-09T12:36:37","guid":{"rendered":"https:\/\/conf.vanj.jp\/2025\/?page_id=3407"},"modified":"2025-11-09T13:01:01","modified_gmt":"2025-11-09T13:01:01","slug":"vysa-kyoto","status":"publish","type":"page","link":"https:\/\/conf.vanj.jp\/2025\/sponsors\/vysa-kyoto\/","title":{"rendered":"VYSA Kyoto"},"content":{"rendered":"\n<figure class=\"wp-block-image size-full is-resized\"><img loading=\"lazy\" decoding=\"async\" width=\"956\" height=\"999\" src=\"https:\/\/conf.vanj.jp\/2025\/wp-content\/uploads\/2025\/11\/VYSA_Kyoto.jpg\" alt=\"\" class=\"wp-image-3405\" style=\"width:162px;height:auto\" srcset=\"https:\/\/conf.vanj.jp\/2025\/wp-content\/uploads\/2025\/11\/VYSA_Kyoto.jpg 956w, https:\/\/conf.vanj.jp\/2025\/wp-content\/uploads\/2025\/11\/VYSA_Kyoto-287x300.jpg 287w, https:\/\/conf.vanj.jp\/2025\/wp-content\/uploads\/2025\/11\/VYSA_Kyoto-768x803.jpg 768w\" sizes=\"auto, (max-width: 956px) 100vw, 956px\" \/><\/figure>\n\n\n\n<p class=\"has-text-color has-link-color has-large-font-size wp-elements-b371b7168f9f5d48b9c277bd89fcd268\" style=\"color:#03734f\"><strong>Introducing Organizing Partner: VYSA Kyoto (Vietnamese below)<\/strong><\/p>\n\n\n\n<p><strong>VYSA Kyoto<\/strong> (Vietnamese Youth and Student Association in Kyoto, \u30d9\u30c8\u30ca\u30e0\u9752\u5e74\u5b66\u751f\u5354\u4f1a\u4eac\u90fd\u652f\u90e8) is a local chapter under the <strong>Vietnamese Youth and Student Association in Japan (VYSA)<\/strong>.<\/p>\n\n\n\n<p>With the mission of <em>\u201cSupporting young Vietnamese people in Japan and promoting Vietnamese culture,\u201d<\/em> VYSA regularly organizes events to assist the Vietnamese community living and studying in Japan in all aspects of life. Through these activities, the association not only contributes to promoting the image of Vietnam but also enhances multicultural understanding throughout Japan. Based on this foundation, <strong>VYSA Kyoto<\/strong> was established to connect Vietnamese students and residents living in the Kyoto area.<\/p>\n\n\n\n<p>Founded in 1995, the association has continuously organized cultural exchange activities, study support programs, career guidance sessions, and traditional events such as <strong>Tet (Lunar New Year)<\/strong> and the <strong>Mid-Autumn Festival<\/strong>. These activities help strengthen bonds among young Vietnamese people, as well as between the Vietnamese community and local residents in Kyoto and across Japan. VYSA Kyoto provides a friendly and dynamic environment where everyone can learn, share, and grow together.<\/p>\n\n\n\n<p>Guided by the motto <em>\u201cEmpowering members and supporting each other to grow together,\u201d<\/em> the association offers its members opportunities to develop their potential through planning and organizing meaningful community events. This process allows them to enhance teamwork, leadership, and other essential skills\u2014helping them grow step by step into responsible and contributing members of society.<\/p>\n\n\n\n<p><strong>Website:<\/strong> <a href=\"https:\/\/fptsoftware.jp\/about-us\/fpt-japan\" title=\"\">https:\/\/www.facebook.com\/vysa.kyoto\/<\/a><\/p>\n\n\n\n<div style=\"height:40px\" aria-hidden=\"true\" class=\"wp-block-spacer\"><\/div>\n\n\n\n<p class=\"has-text-color has-link-color has-large-font-size wp-elements-34de9e858344b2bcf102cbd1045fa045\" style=\"color:#03734f\"><strong>Gi\u1edbi thi\u1ec7u \u0110\u1ed1i t\u00e1c t\u1ed5 ch\u1ee9c: VYSA Kyoto<\/strong><\/p>\n\n\n\n<p>VYSA Kyoto (\u30d9\u30c8\u30ca\u30e0\u9752\u5e74\u5b66\u751f\u5354\u4f1a\u4eac\u90fd\u652f\u90e8) l\u00e0 chi h\u1ed9i tr\u1ef1c thu\u1ed9c H\u1ed9i Thanh ni\u00ean Sinh vi\u00ean Vi\u1ec7t Nam t\u1ea1i Nh\u1eadt B\u1ea3n (VYSA &#8211; Vietnamese Youth and Student Association in Japan). <\/p>\n\n\n\n<p>V\u1edbi s\u1ee9 m\u1ec7nh &#8220;H\u1ed7 tr\u1ee3 ng\u01b0\u1eddi tr\u1ebb Vi\u1ec7t Nam t\u1ea1i Nh\u1eadt B\u1ea3n, qu\u1ea3ng b\u00e1 v\u0103n h\u00f3a Vi\u1ec7t Nam&#8221; VYSA th\u01b0\u1eddng xuy\u00ean t\u1ed5 ch\u1ee9c c\u00e1c s\u1ef1 ki\u1ec7n nh\u1eb1m h\u1ed7 tr\u1ee3 c\u1ed9ng \u0111\u1ed3ng ng\u01b0\u1eddi Vi\u1ec7t Nam \u0111ang sinh s\u1ed1ng v\u00e0 h\u1ecdc t\u1eadp t\u1ea1i Nh\u1eadt B\u1ea3n v\u1ec1 m\u1ecdi m\u1eb7t \u0111\u1eddi s\u1ed1ng. Qua \u0111\u00f3, kh\u00f4ng ch\u1ec9 g\u00f3p ph\u1ea7n qu\u1ea3ng b\u00e1 h\u00ecnh \u1ea3nh \u0111\u1ea5t n\u01b0\u1edbc m\u00e0 c\u00f2n n\u00e2ng cao s\u1ef1 hi\u1ec3u bi\u1ebft v\u1ec1 \u0111a v\u0103n h\u00f3a tr\u00ean to\u00e0n Nh\u1eadt B\u1ea3n. D\u1ef1a tr\u00ean c\u01a1 s\u1edf \u0111\u00f3, VYSA Kyoto ra \u0111\u1eddi nh\u1eb1m k\u1ebft n\u1ed1i c\u1ed9ng \u0111\u1ed3ng du h\u1ecdc sinh v\u00e0 ng\u01b0\u1eddi Vi\u1ec7t \u0111ang sinh s\u1ed1ng t\u1ea1i khu v\u1ef1c Kyoto. <\/p>\n\n\n\n<p>\u0110\u01b0\u1ee3c th\u00e0nh l\u1eadp v\u00e0o n\u0103m 1995, H\u1ed9i th\u01b0\u1eddng xuy\u00ean t\u1ed5 ch\u1ee9c c\u00e1c ho\u1ea1t \u0111\u1ed9ng giao l\u01b0u v\u0103n h\u00f3a, h\u1ed7 tr\u1ee3 h\u1ecdc t\u1eadp, \u0111\u1ecbnh h\u01b0\u1edbng vi\u1ec7c l\u00e0m, v\u00e0 s\u1ef1 ki\u1ec7n truy\u1ec1n th\u1ed1ng nh\u01b0 T\u1ebft hay Trung thu, gi\u00fap g\u1eafn k\u1ebft c\u00e1c b\u1ea1n tr\u1ebb Vi\u1ec7t Nam v\u1edbi nhau c\u0169ng nh\u01b0 v\u1edbi c\u1ed9ng \u0111\u1ed3ng \u0111\u1ecba ph\u01b0\u01a1ng Kyoto v\u00e0 to\u00e0n Nh\u1eadt B\u1ea3n. \u0110\u00e2y l\u00e0 m\u1ed9t m\u00f4i tr\u01b0\u1eddng th\u00e2n thi\u1ec7n, n\u0103ng \u0111\u1ed9ng, n\u01a1i m\u1ecdi ng\u01b0\u1eddi c\u00f3 th\u1ec3 h\u1ecdc h\u1ecfi, chia s\u1ebb v\u00e0 c\u00f9ng ph\u00e1t tri\u1ec3n. <\/p>\n\n\n\n<p>L\u1ea5y ph\u01b0\u01a1ng ch\u00e2m ho\u1ea1t \u0111\u1ed9ng &#8220;Ph\u00e1t huy n\u0103ng l\u1ef1c c\u1ee7a th\u00e0nh vi\u00ean, h\u1ed7 tr\u1ee3 l\u1eabn nhau \u0111\u1ec3 c\u00f9ng ph\u00e1t tri\u1ec3n&#8221; l\u00e0m ti\u1ec1n \u0111\u1ec1, th\u00f4ng qua vi\u1ec7c c\u00f9ng nhau l\u00ean k\u1ebf ho\u1ea1ch v\u00e0 t\u1ed5 ch\u1ee9c c\u00e1c s\u1ef1 ki\u1ec7n \u0111\u1ea7y \u00fd ngh\u0129a cho c\u1ed9ng \u0111\u1ed3ng, c\u00e1c th\u00e0nh vi\u00ean c\u00f3 c\u01a1 h\u1ed9i ph\u00e1t huy t\u1ed1i \u0111a ti\u1ec1m n\u0103ng c\u1ee7a b\u1ea3n th\u00e2n c\u0169ng nh\u01b0 trau d\u1ed3i th\u00eam v\u1ec1 c\u00e1c k\u1ef9 n\u0103ng l\u00e0m vi\u1ec7c nh\u00f3m, k\u1ef9 n\u0103ng l\u00e3nh \u0111\u1ea1o, v.v Qua \u0111\u00f3, t\u1eebng b\u01b0\u1edbc tr\u01b0\u1edfng th\u00e0nh h\u01a1n v\u00e0 tr\u1edf th\u00e0nh nh\u1eefng c\u00f4ng d\u00e2n c\u00f3 \u00edch cho x\u00e3 h\u1ed9i.<\/p>\n\n\n\n<p><strong>Website:<\/strong> <a href=\"https:\/\/fptsoftware.jp\/about-us\/fpt-japan\" title=\"\">https:\/\/www.facebook.com\/vysa.kyoto\/<\/a><\/p>\n","protected":false},"excerpt":{"rendered":"<p>Introducing Organizing Partner: VYSA Kyoto (Vietnamese below) VYSA Kyoto (Vietnamese Youth and Student Association in Kyoto, \u30d9\u30c8\u30ca\u30e0\u9752\u5e74\u5b66\u751f\u5354\u4f1a\u4eac\u90fd\u652f\u90e8) is a local chapter under the Vietnamese Youth and Student Association in Japan (VYSA). With the mission of \u201cSupporting young Vietnamese people in Japan and promoting Vietnamese culture,\u201d VYSA regularly organizes events to assist the Vietnamese community living &hellip; <\/p>\n","protected":false},"author":6,"featured_media":3296,"parent":74,"menu_order":0,"comment_status":"closed","ping_status":"closed","template":"","meta":{"om_disable_all_campaigns":false,"_monsterinsights_skip_tracking":false,"_monsterinsights_sitenote_active":false,"_monsterinsights_sitenote_note":"","_monsterinsights_sitenote_category":0,"footnotes":""},"class_list":["post-3407","page","type-page","status-publish","has-post-thumbnail","hentry"],"aioseo_notices":[],"_hostinger_reach_plugin_has_subscription_block":false,"_hostinger_reach_plugin_is_elementor":false,"_links":{"self":[{"href":"https:\/\/conf.vanj.jp\/2025\/wp-json\/wp\/v2\/pages\/3407","targetHints":{"allow":["GET"]}}],"collection":[{"href":"https:\/\/conf.vanj.jp\/2025\/wp-json\/wp\/v2\/pages"}],"about":[{"href":"https:\/\/conf.vanj.jp\/2025\/wp-json\/wp\/v2\/types\/page"}],"author":[{"embeddable":true,"href":"https:\/\/conf.vanj.jp\/2025\/wp-json\/wp\/v2\/users\/6"}],"replies":[{"embeddable":true,"href":"https:\/\/conf.vanj.jp\/2025\/wp-json\/wp\/v2\/comments?post=3407"}],"version-history":[{"count":2,"href":"https:\/\/conf.vanj.jp\/2025\/wp-json\/wp\/v2\/pages\/3407\/revisions"}],"predecessor-version":[{"id":3415,"href":"https:\/\/conf.vanj.jp\/2025\/wp-json\/wp\/v2\/pages\/3407\/revisions\/3415"}],"up":[{"embeddable":true,"href":"https:\/\/conf.vanj.jp\/2025\/wp-json\/wp\/v2\/pages\/74"}],"wp:featuredmedia":[{"embeddable":true,"href":"https:\/\/conf.vanj.jp\/2025\/wp-json\/wp\/v2\/media\/3296"}],"wp:attachment":[{"href":"https:\/\/conf.vanj.jp\/2025\/wp-json\/wp\/v2\/media?parent=3407"}],"curies":[{"name":"wp","href":"https:\/\/api.w.org\/{rel}","templated":true}]}}