{"id":3492,"date":"2025-11-19T10:58:11","date_gmt":"2025-11-19T10:58:11","guid":{"rendered":"https:\/\/conf.vanj.jp\/2025\/?page_id=3492"},"modified":"2025-11-19T10:58:12","modified_gmt":"2025-11-19T10:58:12","slug":"spiritual-science-in-human-evolution-sshe","status":"publish","type":"page","link":"https:\/\/conf.vanj.jp\/2025\/sponsors\/spiritual-science-in-human-evolution-sshe\/","title":{"rendered":"Spiritual Science in Human Evolution (SSHE)"},"content":{"rendered":"\n<figure class=\"wp-block-image size-large is-resized\"><img loading=\"lazy\" decoding=\"async\" width=\"745\" height=\"1024\" src=\"https:\/\/conf.vanj.jp\/2025\/wp-content\/uploads\/2025\/11\/SSHE-LOGO_full-745x1024.png\" alt=\"\" class=\"wp-image-3494\" style=\"width:214px;height:auto\" srcset=\"https:\/\/conf.vanj.jp\/2025\/wp-content\/uploads\/2025\/11\/SSHE-LOGO_full-745x1024.png 745w, https:\/\/conf.vanj.jp\/2025\/wp-content\/uploads\/2025\/11\/SSHE-LOGO_full-218x300.png 218w, https:\/\/conf.vanj.jp\/2025\/wp-content\/uploads\/2025\/11\/SSHE-LOGO_full-768x1056.png 768w, https:\/\/conf.vanj.jp\/2025\/wp-content\/uploads\/2025\/11\/SSHE-LOGO_full.png 822w\" sizes=\"auto, (max-width: 745px) 100vw, 745px\" \/><\/figure>\n\n\n\n<p class=\"has-text-color has-link-color has-large-font-size wp-elements-29c0bfa52872908270a1396076d65e4e\" style=\"color:#03734f\"><strong>Overview<\/strong> (Vietnamese below)<\/p>\n\n\n\n<p><strong><strong>Website<\/strong>: <a href=\"https:\/\/www.castledown.com\/journals\/sshe\/index\" target=\"_blank\" rel=\"noopener\" title=\"\">https:\/\/www.castledown.com\/journals\/sshe\/index<\/a><\/strong><br><strong>Editor-in-Chief:\u00a0<\/strong>Toan Cao Duc<br><strong>First Published:\u00a0<\/strong>January 2025<br><strong>Frequency:<\/strong>\u00a0Continuous Online Publication<br><strong>ISSN:<\/strong>\u00a0TBA<\/p>\n\n\n\n<p><strong>Aims &amp; Scope<\/strong><br>Spiritual Science in Human Evolution is an international, open-access, peer-reviewed journal, that especially brings the values of various cultures to the contribution of a humanistic lifestyle. The journal covers the broad areas of spirituality in (1) human behavior in social environments, (2) cultural developments, (3) the origins of human rights, and (4) the pluralistic development of society. Papers are welcomed on topics related to spiritual science in the development of communication, religious beliefs, lifestyles, family, society, citizenship, anthropology, etc. Authors are also encouraged to submit papers on new and emerging topics within the general discipline of spiritual science. Theoretical papers are welcomed, but there should be a clear and significant potential for practical applications of the theory. Case studies are particularly welcomed and encouraged.<\/p>\n\n\n\n<p><\/p>\n\n\n\n<p class=\"has-text-color has-link-color has-large-font-size wp-elements-53b7581ce2d4351829c370b3d1396567\" style=\"color:#03734f\"><strong>T\u1ed5ng quan<\/strong><\/p>\n\n\n\n<p><strong><strong>Website<\/strong>: <a href=\"https:\/\/www.castledown.com\/journals\/sshe\/index\" target=\"_blank\" rel=\"noopener\" title=\"\">https:\/\/www.castledown.com\/journals\/sshe\/index<\/a><\/strong><br><strong>T\u1ed5ng bi\u00ean t\u1eadp: <\/strong>TS. Cao \u0110\u1ee9c To\u00e0n<br><strong>Xu\u1ea5t b\u1ea3n l\u1ea7n \u0111\u1ea7u:<\/strong> Th\u00e1ng 1 n\u0103m 2025<br><strong>T\u1ea7n su\u1ea5t: <\/strong>Xu\u1ea5t b\u1ea3n tr\u1ef1c tuy\u1ebfn li\u00ean t\u1ee5c<br><strong>ISSN:<\/strong> S\u1ebd \u0111\u01b0\u1ee3c c\u00f4ng b\u1ed1<\/p>\n\n\n\n<p><strong>M\u1ee5c ti\u00eau &amp; Ph\u1ea1m vi<\/strong><br>Khoa h\u1ecdc T\u00e2m linh trong S\u1ef1 ti\u1ebfn h\u00f3a c\u1ee7a Nh\u00e2n lo\u1ea1i l\u00e0 m\u1ed9t t\u1ea1p ch\u00ed qu\u1ed1c t\u1ebf, truy c\u1eadp m\u1edf, \u0111\u01b0\u1ee3c b\u00ecnh duy\u1ec7t, \u0111\u1eb7c bi\u1ec7t mang nh\u1eefng gi\u00e1 tr\u1ecb c\u1ee7a c\u00e1c n\u1ec1n v\u0103n h\u00f3a kh\u00e1c nhau \u0111\u1ebfn s\u1ef1 \u0111\u00f3ng g\u00f3p cho l\u1ed1i s\u1ed1ng nh\u00e2n v\u0103n. T\u1ea1p ch\u00ed bao g\u1ed3m c\u00e1c l\u0129nh v\u1ef1c r\u1ed9ng l\u1edbn v\u1ec1 t\u00e2m linh trong (1) h\u00e0nh vi con ng\u01b0\u1eddi trong m\u00f4i tr\u01b0\u1eddng x\u00e3 h\u1ed9i, (2) ph\u00e1t tri\u1ec3n v\u0103n h\u00f3a, (3) ngu\u1ed3n g\u1ed1c c\u1ee7a nh\u00e2n quy\u1ec1n, v\u00e0 (4) s\u1ef1 ph\u00e1t tri\u1ec3n \u0111a nguy\u00ean c\u1ee7a x\u00e3 h\u1ed9i. C\u00e1c b\u00e0i b\u00e1o v\u1ec1 c\u00e1c ch\u1ee7 \u0111\u1ec1 li\u00ean quan \u0111\u1ebfn khoa h\u1ecdc t\u00e2m linh trong s\u1ef1 ph\u00e1t tri\u1ec3n c\u1ee7a giao ti\u1ebfp, t\u00edn ng\u01b0\u1ee1ng t\u00f4n gi\u00e1o, l\u1ed1i s\u1ed1ng, gia \u0111\u00ecnh, x\u00e3 h\u1ed9i, quy\u1ec1n c\u00f4ng d\u00e2n, nh\u00e2n ch\u1ee7ng h\u1ecdc, v.v. \u0111\u1ec1u \u0111\u01b0\u1ee3c hoan ngh\u00eanh. T\u00e1c gi\u1ea3 c\u0169ng \u0111\u01b0\u1ee3c khuy\u1ebfn kh\u00edch n\u1ed9p c\u00e1c b\u00e0i b\u00e1o v\u1ec1 c\u00e1c ch\u1ee7 \u0111\u1ec1 m\u1edbi v\u00e0 \u0111ang n\u1ed5i trong l\u0129nh v\u1ef1c khoa h\u1ecdc t\u00e2m linh n\u00f3i chung. C\u00e1c b\u00e0i b\u00e1o mang t\u00ednh l\u00fd thuy\u1ebft \u0111\u01b0\u1ee3c hoan ngh\u00eanh, nh\u01b0ng c\u1ea7n c\u00f3 ti\u1ec1m n\u0103ng r\u00f5 r\u00e0ng v\u00e0 \u0111\u00e1ng k\u1ec3 v\u1ec1 \u1ee9ng d\u1ee5ng th\u1ef1c t\u1ebf c\u1ee7a l\u00fd thuy\u1ebft. C\u00e1c nghi\u00ean c\u1ee9u tu\u1ef3 tr\u01b0\u1eddng h\u1ee3p \u0111\u1eb7c bi\u1ec7t v\u1eabn \u0111\u01b0\u1ee3c hoan ngh\u00eanh v\u00e0 khuy\u1ebfn kh\u00edch.<\/p>\n","protected":false},"excerpt":{"rendered":"<p>Overview (Vietnamese below) Website: https:\/\/www.castledown.com\/journals\/sshe\/indexEditor-in-Chief:\u00a0Toan Cao DucFirst Published:\u00a0January 2025Frequency:\u00a0Continuous Online PublicationISSN:\u00a0TBA Aims &amp; ScopeSpiritual Science in Human Evolution is an international, open-access, peer-reviewed journal, that especially brings the values of various cultures to the contribution of a humanistic lifestyle. The journal covers the broad areas of spirituality in (1) human behavior in social environments, (2) &hellip; <\/p>\n","protected":false},"author":6,"featured_media":3296,"parent":74,"menu_order":0,"comment_status":"closed","ping_status":"closed","template":"","meta":{"om_disable_all_campaigns":false,"_monsterinsights_skip_tracking":false,"_monsterinsights_sitenote_active":false,"_monsterinsights_sitenote_note":"","_monsterinsights_sitenote_category":0,"footnotes":""},"class_list":["post-3492","page","type-page","status-publish","has-post-thumbnail","hentry"],"aioseo_notices":[],"_hostinger_reach_plugin_has_subscription_block":false,"_hostinger_reach_plugin_is_elementor":false,"_links":{"self":[{"href":"https:\/\/conf.vanj.jp\/2025\/wp-json\/wp\/v2\/pages\/3492","targetHints":{"allow":["GET"]}}],"collection":[{"href":"https:\/\/conf.vanj.jp\/2025\/wp-json\/wp\/v2\/pages"}],"about":[{"href":"https:\/\/conf.vanj.jp\/2025\/wp-json\/wp\/v2\/types\/page"}],"author":[{"embeddable":true,"href":"https:\/\/conf.vanj.jp\/2025\/wp-json\/wp\/v2\/users\/6"}],"replies":[{"embeddable":true,"href":"https:\/\/conf.vanj.jp\/2025\/wp-json\/wp\/v2\/comments?post=3492"}],"version-history":[{"count":1,"href":"https:\/\/conf.vanj.jp\/2025\/wp-json\/wp\/v2\/pages\/3492\/revisions"}],"predecessor-version":[{"id":3495,"href":"https:\/\/conf.vanj.jp\/2025\/wp-json\/wp\/v2\/pages\/3492\/revisions\/3495"}],"up":[{"embeddable":true,"href":"https:\/\/conf.vanj.jp\/2025\/wp-json\/wp\/v2\/pages\/74"}],"wp:featuredmedia":[{"embeddable":true,"href":"https:\/\/conf.vanj.jp\/2025\/wp-json\/wp\/v2\/media\/3296"}],"wp:attachment":[{"href":"https:\/\/conf.vanj.jp\/2025\/wp-json\/wp\/v2\/media?parent=3492"}],"curies":[{"name":"wp","href":"https:\/\/api.w.org\/{rel}","templated":true}]}}