{"id":3670,"date":"2025-12-13T06:16:51","date_gmt":"2025-12-13T06:16:51","guid":{"rendered":"https:\/\/conf.vanj.jp\/2025\/?page_id=3670"},"modified":"2025-12-15T02:35:49","modified_gmt":"2025-12-15T02:35:49","slug":"center-for-east-asian-economic-studies-graduate-school-of-economics-kyoto-university","status":"publish","type":"page","link":"https:\/\/conf.vanj.jp\/2025\/sponsors\/center-for-east-asian-economic-studies-graduate-school-of-economics-kyoto-university\/","title":{"rendered":"Center for East Asian Economic Studies, Graduate School of Economics, Kyoto University"},"content":{"rendered":"\n<figure class=\"wp-block-image size-full is-resized\"><img loading=\"lazy\" decoding=\"async\" width=\"172\" height=\"168\" src=\"https:\/\/conf.vanj.jp\/2025\/wp-content\/uploads\/2025\/12\/enaboutprofileemblemsimagesour-emblem-and-school-color01-e1765606161485.png\" alt=\"\" class=\"wp-image-3666\" style=\"width:200px\"\/><\/figure>\n\n\n\n<p class=\"has-text-color has-link-color has-large-font-size wp-elements-36319426f0ab21087b04e1df030aa677\" style=\"color:#03734f\"><br><strong>Introducing Co-organizer: Center for East Asian Economic Studies, Graduate School of Economics, Kyoto University<\/strong><\/p>\n\n\n\n<p>This Center was established in December 2002 as the \u201cShanghai Center\u201d with the aim of conducting multifaceted research on the industries and economies of China and other East Asian countries. Subsequently, in April 2010, it was renamed the \u201cEast Asia Economic Research Center,\u201d and since then it has been engaged in a wide range of research and survey activities related to the economy and business of East Asia.<br><strong>Website: <\/strong><a href=\"https:\/\/www.econ.kyoto-u.ac.jp\/kueac\/\">https:\/\/www.econ.kyoto-u.ac.jp\/kueac\/<\/a><\/p>\n\n\n\n<p class=\"has-text-color has-link-color has-large-font-size wp-elements-1203e452e1a6db5e63755c8dfda93862\" style=\"color:#03734f\"><br><strong><strong>Gi\u1edbi thi\u1ec7u \u0111\u1ed3ng t\u1ed5 ch\u1ee9c<\/strong>: Trung t\u00e2m Nghi\u00ean c\u1ee9u Kinh t\u1ebf \u0110\u00f4ng \u00c1, Tr\u01b0\u1eddng Sau \u0111\u1ea1i h\u1ecdc Kinh t\u1ebf, \u0110\u1ea1i h\u1ecdc Kyoto<\/strong><\/p>\n\n\n\n<p>Trung t\u00e2m n\u00e0y \u0111\u01b0\u1ee3c th\u00e0nh l\u1eadp v\u00e0o th\u00e1ng 12 n\u0103m 2002 v\u1edbi t\u00ean g\u1ecdi \u201cTrung t\u00e2m Th\u01b0\u1ee3ng H\u1ea3i\u201d, v\u1edbi m\u1ee5c ti\u00eau nghi\u00ean c\u1ee9u m\u1ed9t c\u00e1ch \u0111a chi\u1ec1u v\u1ec1 c\u00f4ng nghi\u1ec7p v\u00e0 kinh t\u1ebf c\u1ee7a Trung Qu\u1ed1c c\u0169ng nh\u01b0 c\u00e1c qu\u1ed1c gia kh\u00e1c \u1edf \u0110\u00f4ng \u00c1. Sau \u0111\u00f3, v\u00e0o th\u00e1ng 4 n\u0103m 2010, trung t\u00e2m \u0111\u01b0\u1ee3c \u0111\u1ed5i t\u00ean th\u00e0nh \u201cTrung t\u00e2m Nghi\u00ean c\u1ee9u Kinh t\u1ebf \u0110\u00f4ng \u00c1\u201d, v\u00e0 k\u1ec3 t\u1eeb \u0111\u00f3 \u0111\u1ebfn nay \u0111\u00e3 tri\u1ec3n khai nhi\u1ec1u ho\u1ea1t \u0111\u1ed9ng nghi\u00ean c\u1ee9u v\u00e0 kh\u1ea3o s\u00e1t \u0111a d\u1ea1ng li\u00ean quan \u0111\u1ebfn kinh t\u1ebf v\u00e0 qu\u1ea3n tr\u1ecb kinh doanh c\u1ee7a khu v\u1ef1c \u0110\u00f4ng \u00c1.<br><strong>Website: <\/strong><a href=\"https:\/\/www.econ.kyoto-u.ac.jp\/kueac\/\">https:\/\/www.econ.kyoto-u.ac.jp\/kueac\/<\/a><\/p>\n","protected":false},"excerpt":{"rendered":"<p>Introducing Co-organizer: Center for East Asian Economic Studies, Graduate School of Economics, Kyoto University This Center was established in December 2002 as the \u201cShanghai Center\u201d with the aim of conducting multifaceted research on the industries and economies of China and other East Asian countries. Subsequently, in April 2010, it was renamed the \u201cEast Asia Economic &hellip; <\/p>\n","protected":false},"author":6,"featured_media":3296,"parent":74,"menu_order":0,"comment_status":"closed","ping_status":"closed","template":"","meta":{"om_disable_all_campaigns":false,"_monsterinsights_skip_tracking":false,"_monsterinsights_sitenote_active":false,"_monsterinsights_sitenote_note":"","_monsterinsights_sitenote_category":0,"footnotes":""},"class_list":["post-3670","page","type-page","status-publish","has-post-thumbnail","hentry"],"aioseo_notices":[],"_hostinger_reach_plugin_has_subscription_block":false,"_hostinger_reach_plugin_is_elementor":false,"_links":{"self":[{"href":"https:\/\/conf.vanj.jp\/2025\/wp-json\/wp\/v2\/pages\/3670","targetHints":{"allow":["GET"]}}],"collection":[{"href":"https:\/\/conf.vanj.jp\/2025\/wp-json\/wp\/v2\/pages"}],"about":[{"href":"https:\/\/conf.vanj.jp\/2025\/wp-json\/wp\/v2\/types\/page"}],"author":[{"embeddable":true,"href":"https:\/\/conf.vanj.jp\/2025\/wp-json\/wp\/v2\/users\/6"}],"replies":[{"embeddable":true,"href":"https:\/\/conf.vanj.jp\/2025\/wp-json\/wp\/v2\/comments?post=3670"}],"version-history":[{"count":3,"href":"https:\/\/conf.vanj.jp\/2025\/wp-json\/wp\/v2\/pages\/3670\/revisions"}],"predecessor-version":[{"id":3684,"href":"https:\/\/conf.vanj.jp\/2025\/wp-json\/wp\/v2\/pages\/3670\/revisions\/3684"}],"up":[{"embeddable":true,"href":"https:\/\/conf.vanj.jp\/2025\/wp-json\/wp\/v2\/pages\/74"}],"wp:featuredmedia":[{"embeddable":true,"href":"https:\/\/conf.vanj.jp\/2025\/wp-json\/wp\/v2\/media\/3296"}],"wp:attachment":[{"href":"https:\/\/conf.vanj.jp\/2025\/wp-json\/wp\/v2\/media?parent=3670"}],"curies":[{"name":"wp","href":"https:\/\/api.w.org\/{rel}","templated":true}]}}