{"id":3679,"date":"2025-12-15T02:30:10","date_gmt":"2025-12-15T02:30:10","guid":{"rendered":"https:\/\/conf.vanj.jp\/2025\/?page_id=3679"},"modified":"2025-12-15T05:30:28","modified_gmt":"2025-12-15T05:30:28","slug":"vietnam-japan-specialists","status":"publish","type":"page","link":"https:\/\/conf.vanj.jp\/2025\/sponsors\/vietnam-japan-specialists\/","title":{"rendered":"Vietnam-Japan Specialists"},"content":{"rendered":"\n<figure class=\"wp-block-image size-full is-resized\"><img loading=\"lazy\" decoding=\"async\" width=\"1009\" height=\"721\" src=\"https:\/\/conf.vanj.jp\/2025\/wp-content\/uploads\/2024\/09\/04.-VJS-hoi-chuyen-gia-Viet-Nhat.png\" alt=\"\" class=\"wp-image-1826\" style=\"width:263px;height:auto\" srcset=\"https:\/\/conf.vanj.jp\/2025\/wp-content\/uploads\/2024\/09\/04.-VJS-hoi-chuyen-gia-Viet-Nhat.png 1009w, https:\/\/conf.vanj.jp\/2025\/wp-content\/uploads\/2024\/09\/04.-VJS-hoi-chuyen-gia-Viet-Nhat-300x214.png 300w, https:\/\/conf.vanj.jp\/2025\/wp-content\/uploads\/2024\/09\/04.-VJS-hoi-chuyen-gia-Viet-Nhat-768x549.png 768w\" sizes=\"auto, (max-width: 1009px) 100vw, 1009px\" \/><\/figure>\n\n\n\n<p class=\"has-text-color has-link-color has-large-font-size wp-elements-0fbb40789117f8d15fe0885ed42eca91\" style=\"color:#03734f\"><strong>Introducing Organizing Partner: <strong>Vietnam-Japan Specialists<\/strong><\/strong> <strong>(VJS)(Vietnamese below)<\/strong><\/p>\n\n\n\n<p><strong>The Vietnam-Japan Specialists Association (VJS)<\/strong> was officially launched on November 15, 2023. It is a non-profit organization (NPO) comprising leading professors and experts from Vietnam and Japan in the fields of agriculture and biotechnology, hydrogen, energy and batteries, economics, and healthcare. VJS also includes the participation of several Japanese politicians, such as Mr. Seiki Soramoto (an energy and nuclear expert and a member of the House of Representatives of Japan), as well as Japanese billionaires such as Mr. Tetsuro Yamasaka. The Association is chaired by Professor Tran Dang Xuan of Hiroshima University. VJS has two Vice Chairs: Professor Ngo Van Nong (Nagoya University) and Dr. Pham Hung Cuong (Kyushu University).<\/p>\n\n\n\n<p>VJS cooperates with many companies, research institutes, and universities in Japan to conduct joint research and transfer various technologies to Vietnam. These include rural and livestock wastewater treatment technology using the BMW system (Bacteria, Mineral, Water), microbial fertilizer production technology, gene editing, as well as advanced Japanese technologies in healthcare and energy.<\/p>\n\n\n\n<p>VJS also actively supports human resource training for both Japan and Vietnam, particularly in the semiconductor sector. On April 28, 2025, VJS, together with NIC (the National Innovation Center of Vietnam) and Hiroshima University, signed a memorandum of understanding\u2014witnessed by Prime Minister Pham Minh Chinh of Vietnam and Prime Minister Shigeru Ishiba of Japan\u2014on providing training programs and scholarships for Vietnamese trainees to study at Hiroshima University and the University of Idaho (United States).<\/p>\n\n\n\n<p>VJS has been honored to be received by President Vo Van Thuong, Prime Minister Pham Minh Chinh, and National Assembly Chairman Tran Thanh Man during state-level visits and working trips to Japan from 2023 to 2025.<\/p>\n\n\n\n<p class=\"has-text-color has-link-color has-large-font-size wp-elements-1dc6dcf8bd5613d340e7a57cdc4fdd41\" style=\"color:#03734f\"><br><strong>Gi\u1edbi thi\u1ec7u \u0110\u1ed1i t\u00e1c t\u1ed5 ch\u1ee9c<\/strong>: <strong>H\u1ed9i chuy\u00ean gia Vi\u1ec7t Nam &#8211; Nh\u1eadt B\u1ea3n (VJS)<\/strong><\/p>\n\n\n\n<p><strong>H\u1ed9i Chuy\u00ean gia Vi\u1ec7t Nam <\/strong><strong>&#8211; <\/strong><strong>Nh\u1eadt B\u1ea3n (t\u00ean ti\u1ebfng <\/strong><strong>A<\/strong><strong>nh: Vietnam<\/strong><strong>-Japan Specialists<\/strong><strong>)<\/strong> \u0111\u01b0\u1ee3c ra m\u1eaft ng\u00e0y 15\/11\/2023. \u0110\u00e2y l\u00e0 t\u1ed5 ch\u1ee9c phi l\u1ee3i nhu\u1eadn (NPO), g\u1ed3m c\u00e1c Gi\u00e1o s\u01b0, chuy\u00ean gia h\u00e0ng \u0111\u1ea7u c\u1ee7a Vi\u1ec7t Nam v\u00e0 Nh\u1eadt B\u1ea3n tr\u00ean c\u00e1c l\u0129nh v\u1ef1c: N\u00f4ng nghi\u1ec7p v\u00e0 C\u00f4ng ngh\u1ec7 Sinh h\u1ecdc, Hydrogen, N\u0103ng l\u01b0\u1ee3ng v\u00e0 Pin, Kinh t\u1ebf, v\u00e0 Y t\u1ebf. VJS c\u00f2n c\u00f3 s\u1ef1 tham gia c\u1ee7a nhi\u1ec1u ch\u00ednh tr\u1ecb gia Nh\u1eadt B\u1ea3n nh\u01b0 \u00f4ng Seiki Soramoto (chuy\u00ean gia n\u0103ng l\u01b0\u1ee3ng v\u00e0 h\u1ea1t nh\u00e2n, ngh\u1ecb s\u0129 H\u1ea1 vi\u1ec7n Nh\u1eadt B\u1ea3n), v\u00e0 t\u1ef7 ph\u00fa Nh\u1eadt B\u1ea3n nh\u01b0 \u00f4ng Tetsuro Yamasaka. H\u1ed9i do GS Tr\u1ea7n \u0110\u0103ng Xu\u00e2n, \u0110\u1ea1i h\u1ecdc Hiroshima l\u00e0m Ch\u1ee7 t\u1ecbch. VJS c\u00f3 hai Ph\u00f3 Ch\u1ee7 t\u1ecbch l\u00e0 GS Ng\u00f4 V\u0103n N\u00f4ng (\u0110\u1ea1i h\u1ecdc Nagoya) v\u00e0 Ti\u1ebfn s\u0129 Ph\u1ea1m H\u00f9ng C\u01b0\u1eddng (\u0110\u1ea1i h\u1ecdc Kyushu).<\/p>\n\n\n\n<p>VJS h\u1ee3p t\u00e1c v\u1edbi nhi\u1ec1u doanh nghi\u1ec7p, vi\u1ec7n nghi\u00ean c\u1ee9u c\u0169ng nh\u01b0 c\u00e1c tr\u01b0\u1eddng \u0111\u1ea1i h\u1ecdc t\u1ea1i Nh\u1eadt B\u1ea3n, h\u1ee3p t\u00e1c nghi\u00ean c\u1ee9u v\u00e0 chuy\u1ec3n giao nhi\u1ec1u c\u00f4ng ngh\u1ec7 v\u1ec1 cho Vi\u1ec7t Nam, nh\u01b0 c\u00f4ng ngh\u1ec7 x\u1eed l\u00ed n\u01b0\u1edbc th\u1ea3i n\u00f4ng th\u00f4n v\u00e0 chu\u1ed3ng tr\u1ea1i BMW (Bacteria, Mineral, Water), c\u00f4ng ngh\u1ec7 s\u1ea3n xu\u1ea5t ph\u00e2n b\u00f3n vi sinh, ch\u1ec9nh s\u1eeda gene, c\u0169ng nh\u01b0 c\u00e1c c\u00f4ng ngh\u1ec7 ti\u00ean ti\u1ebfn c\u1ee7a Nh\u1eadt B\u1ea3n trong y t\u1ebf v\u00e0 n\u0103ng l\u01b0\u1ee3ng.<\/p>\n\n\n\n<p>VJS c\u0169ng t\u00edch c\u1ef1c h\u1ed7 tr\u1ee3 Nh\u1eadt B\u1ea3n v\u00e0 Vi\u1ec7t Nam \u0111\u00e0o t\u1ea1o nh\u00e2n l\u1ef1c, \u0111\u1eb7c bi\u1ec7t trong ng\u00e0nh b\u00e1n d\u1eabn. Ng\u00e0y 28\/4\/2025, VJS \u0111\u00e3 c\u00f9ng NIC (Trung t\u00e2m \u0111\u1ed5i m\u1edbi s\u00e1ng t\u1ea1o Vi\u1ec7t Nam) v\u00e0 \u0110\u1ea1i h\u1ecdc Hiroshima k\u00ed bi\u00ean b\u1ea3n ghi nh\u1edb d\u01b0\u1edbi s\u1ef1 ch\u1ee9ng ki\u1ebfn c\u1ee7a Th\u1ee7 t\u01b0\u1edbng Ch\u00ednh ph\u1ee7 Ph\u1ea1m Minh Ch\u00ednh v\u00e0 Th\u1ee7 t\u01b0\u1edbng Nh\u1eadt B\u1ea3n Shigeru Ishiba v\u1ec1 cung c\u1ea5p \u0111\u00e0o t\u1ea1o, h\u1ecdc b\u1ed5ng cho h\u1ecdc vi\u00ean Vi\u1ec7t Nam sang h\u1ecdc t\u1ea1i \u0110\u1ea1i h\u1ecdc Hiroshima v\u00e0 Idaho (Hoa K\u1ef3).<\/p>\n\n\n\n<p>VJS \u0111\u00e3 vinh d\u1ef1 \u0111\u01b0\u1ee3c Ch\u1ee7 t\u1ecbch n\u01b0\u1edbc V\u00f5 V\u0103n Th\u01b0\u1edfng, Th\u1ee7 t\u01b0\u1edbng Ch\u00ednh ph\u1ee7 Ph\u1ea1m Minh Ch\u00ednh, c\u0169ng nh\u01b0 Ch\u1ee7 t\u1ecbch Qu\u1ed1c h\u1ed9i Tr\u1ea7n Thanh M\u1eabn ti\u1ebfp trong c\u00e1c d\u1ecbp \u0111i th\u0103m v\u00e0 l\u00e0m vi\u1ec7c c\u1ea5p nh\u00e0 n\u01b0\u1edbc t\u1ea1i Nh\u1eadt B\u1ea3n t\u1eeb 2023-2025.<\/p>\n","protected":false},"excerpt":{"rendered":"<p>Introducing Organizing Partner: Vietnam-Japan Specialists (VJS)(Vietnamese below) The Vietnam-Japan Specialists Association (VJS) was officially launched on November 15, 2023. It is a non-profit organization (NPO) comprising leading professors and experts from Vietnam and Japan in the fields of agriculture and biotechnology, hydrogen, energy and batteries, economics, and healthcare. VJS also includes the participation of several &hellip; <\/p>\n","protected":false},"author":6,"featured_media":3296,"parent":74,"menu_order":0,"comment_status":"closed","ping_status":"closed","template":"","meta":{"om_disable_all_campaigns":false,"_monsterinsights_skip_tracking":false,"_monsterinsights_sitenote_active":false,"_monsterinsights_sitenote_note":"","_monsterinsights_sitenote_category":0,"footnotes":""},"class_list":["post-3679","page","type-page","status-publish","has-post-thumbnail","hentry"],"aioseo_notices":[],"_hostinger_reach_plugin_has_subscription_block":false,"_hostinger_reach_plugin_is_elementor":false,"_links":{"self":[{"href":"https:\/\/conf.vanj.jp\/2025\/wp-json\/wp\/v2\/pages\/3679","targetHints":{"allow":["GET"]}}],"collection":[{"href":"https:\/\/conf.vanj.jp\/2025\/wp-json\/wp\/v2\/pages"}],"about":[{"href":"https:\/\/conf.vanj.jp\/2025\/wp-json\/wp\/v2\/types\/page"}],"author":[{"embeddable":true,"href":"https:\/\/conf.vanj.jp\/2025\/wp-json\/wp\/v2\/users\/6"}],"replies":[{"embeddable":true,"href":"https:\/\/conf.vanj.jp\/2025\/wp-json\/wp\/v2\/comments?post=3679"}],"version-history":[{"count":1,"href":"https:\/\/conf.vanj.jp\/2025\/wp-json\/wp\/v2\/pages\/3679\/revisions"}],"predecessor-version":[{"id":3680,"href":"https:\/\/conf.vanj.jp\/2025\/wp-json\/wp\/v2\/pages\/3679\/revisions\/3680"}],"up":[{"embeddable":true,"href":"https:\/\/conf.vanj.jp\/2025\/wp-json\/wp\/v2\/pages\/74"}],"wp:featuredmedia":[{"embeddable":true,"href":"https:\/\/conf.vanj.jp\/2025\/wp-json\/wp\/v2\/media\/3296"}],"wp:attachment":[{"href":"https:\/\/conf.vanj.jp\/2025\/wp-json\/wp\/v2\/media?parent=3679"}],"curies":[{"name":"wp","href":"https:\/\/api.w.org\/{rel}","templated":true}]}}